{"id":19792,"date":"2024-09-27T19:01:12","date_gmt":"2024-09-27T19:01:12","guid":{"rendered":"https:\/\/krabisunsetcruises.com\/privacy-statement-uk\/"},"modified":"2024-09-27T19:01:12","modified_gmt":"2024-09-27T19:01:12","slug":"declaracion-de-privacidad","status":"publish","type":"page","link":"https:\/\/krabisunsetcruises.com\/es\/privacy-statement-uk\/","title":{"rendered":"Declaraci\u00f3n de confidencialidad (UK)"},"content":{"rendered":"<!-- Legal document generated by Complianz | GDPR\/CCPA Cookie Consent https:\/\/wordpress.org\/plugins\/complianz-gdpr -->\n<div id=\"cmplz-document\" class=\"cmplz-document privacy-statement cmplz-document-uk\"><p><i>Esta declaraci\u00f3n de privacidad se actualiz\u00f3 por \u00faltima vez el 27 de septiembre de 2024 y se aplica a los ciudadanos y residentes legales permanentes del Reino Unido.<\/i><br><br><\/p><p>En esta declaraci\u00f3n de privacidad, explicamos lo que hacemos con los datos que obtenemos sobre usted a trav\u00e9s de <a href=\"https:\/\/krabisunsetcruises.com\/es\">https:\/\/krabisunsetcruises.com\/es<\/a>. Le recomendamos que lea atentamente esta declaraci\u00f3n. En nuestro tratamiento cumplimos los requisitos de la legislaci\u00f3n sobre privacidad. Esto significa, entre otras cosas, que:<\/p><ul>\n                <li>indicamos claramente los fines para los que tratamos los datos personales. Lo hacemos mediante esta declaraci\u00f3n de privacidad;<\/li>\n                <li>nuestro objetivo es limitar nuestra recopilaci\u00f3n de datos personales a los datos personales necesarios para fines leg\u00edtimos;<\/li>\n                <li>primero solicitamos su consentimiento expl\u00edcito para procesar sus datos personales en los casos que requieran su consentimiento;<\/li>\n                <li>tomamos las medidas de seguridad adecuadas para proteger sus datos personales y tambi\u00e9n se lo exigimos a las partes que procesan datos personales en nuestro nombre;<\/li>\n                <li>respetamos su derecho a acceder a sus datos personales o a rectificarlos o suprimirlos, si as\u00ed lo solicita.<\/li>\n            <\/ul><p>Si tiene alguna pregunta o desea saber exactamente qu\u00e9 datos guardamos de usted, p\u00f3ngase en contacto con nosotros.<\/p><h2>1. Finalidad, datos y per\u00edodo de conservaci\u00f3n<\/h2>Podemos recopilar o recibir informaci\u00f3n personal para una serie de fines relacionados con nuestras operaciones comerciales, entre los que se incluyen los siguientes: (haga clic para ampliar)<details class=\"cmplz-dropdown dropdown-privacy-statement\"><summary><div><h3>1.1 Boletines informativos<\/h3><\/div><\/summary><p class=\"cmplz-subtitle\">Para ello utilizamos los siguientes datos:<\/p><p><ul><li>Un nombre y un apellido<\/li><li>Una direcci\u00f3n de correo electr\u00f3nico<\/li><\/ul><\/p><p class=\"cmplz-subtitle\">La base sobre la que podemos procesar estos datos es:<\/p><p><a target=\"_blank\" rel=\"noopener noreferrer nofollow\" href=\"https:\/\/cookiedatabase.org\/legal-bases\/#consent\">Previo consentimiento.<\/a><\/p><p class=\"cmplz-subtitle\">Periodo de conservaci\u00f3n<\/p><p>Conservamos estos datos hasta que finaliza el servicio.<\/p><\/details><details class=\"cmplz-dropdown dropdown-privacy-statement\"><summary><div><h3>1.2 Registrar una cuenta<\/h3><\/div><\/summary><p class=\"cmplz-subtitle\">Para ello utilizamos los siguientes datos:<\/p><p><ul><li>Un nombre y un apellido<\/li><li>Nombre o alias de la cuenta<\/li><li>Una direcci\u00f3n de correo electr\u00f3nico<\/li><li>Un n\u00famero de tel\u00e9fono<\/li><\/ul><\/p><p class=\"cmplz-subtitle\">La base sobre la que podemos procesar estos datos es:<\/p><p><a target=\"_blank\" rel=\"noopener noreferrer nofollow\" href=\"https:\/\/cookiedatabase.org\/legal-bases\/#consent\">Previo consentimiento.<\/a><\/p><p class=\"cmplz-subtitle\">Periodo de conservaci\u00f3n<\/p><p>Conservamos estos datos hasta que finaliza el servicio.<\/p><\/details><details class=\"cmplz-dropdown dropdown-privacy-statement\"><summary><div><h3>1.3 Pagos<\/h3><\/div><\/summary><p class=\"cmplz-subtitle\">Para ello utilizamos los siguientes datos:<\/p><p><ul><li>Un nombre y un apellido<\/li><li>Una direcci\u00f3n de correo electr\u00f3nico<\/li><li>Un n\u00famero de tel\u00e9fono<\/li><li>Datos de geolocalizaci\u00f3n<\/li><li>Direcci\u00f3n IP<\/li><\/ul><\/p><p class=\"cmplz-subtitle\">La base sobre la que podemos procesar estos datos es:<\/p><p><a target=\"_blank\" rel=\"noopener noreferrer nofollow\" href=\"https:\/\/cookiedatabase.org\/legal-bases\/#consent\">Previo consentimiento.<\/a><\/p><p class=\"cmplz-subtitle\">Periodo de conservaci\u00f3n<\/p><p>Conservamos estos datos hasta que finaliza el servicio.<\/p><\/details><details class=\"cmplz-dropdown dropdown-privacy-statement\"><summary><div><h3>1.4 Contacto - Por tel\u00e9fono, correo postal, correo electr\u00f3nico y\/o formularios web<\/h3><\/div><\/summary><p class=\"cmplz-subtitle\">Para ello utilizamos los siguientes datos:<\/p><p><ul><li>Un nombre y un apellido<\/li><li>Una direcci\u00f3n de correo electr\u00f3nico<\/li><li>Un n\u00famero de tel\u00e9fono<\/li><li>Direcci\u00f3n IP<\/li><li>Datos de geolocalizaci\u00f3n<\/li><\/ul><\/p><p class=\"cmplz-subtitle\">La base sobre la que podemos procesar estos datos es:<\/p><p><a target=\"_blank\" rel=\"noopener noreferrer nofollow\" href=\"https:\/\/cookiedatabase.org\/legal-bases\/#consent\">Previo consentimiento.<\/a><\/p><p class=\"cmplz-subtitle\">Periodo de conservaci\u00f3n<\/p><p>Conservamos estos datos hasta que finaliza el servicio.<\/p><\/details><details class=\"cmplz-dropdown dropdown-privacy-statement\"><summary><div><h3>1.5 Recopilaci\u00f3n y an\u00e1lisis de estad\u00edsticas para mejorar el sitio web.<\/h3><\/div><\/summary><p class=\"cmplz-subtitle\">Para ello utilizamos los siguientes datos:<\/p><p><ul><li>Direcci\u00f3n IP<\/li><li>Datos de geolocalizaci\u00f3n<\/li><\/ul><\/p><p class=\"cmplz-subtitle\">La base sobre la que podemos procesar estos datos es:<\/p><p><a target=\"_blank\" rel=\"noopener noreferrer nofollow\" href=\"https:\/\/cookiedatabase.org\/legal-bases\/#consent\">Previo consentimiento.<\/a><\/p><p class=\"cmplz-subtitle\">Periodo de conservaci\u00f3n<\/p><p>Conservamos estos datos hasta que finaliza el servicio.<\/p><\/details><h2>2. Compartir con otras partes<\/h2><p>S\u00f3lo compartimos o revelamos estos datos a procesadores para los siguientes fines:<\/p><h2>3. Cookies<\/h2><p>Nuestro sitio web utiliza cookies. Para obtener m\u00e1s informaci\u00f3n sobre las cookies, consulte nuestro <a href=\"https:\/\/krabisunsetcruises.com\/es\/cookie-policy-uk\/\">Pol\u00edtica de cookies<\/a>.&nbsp;<\/p><h2>4. Pr\u00e1cticas de divulgaci\u00f3n<\/h2><p><p>Divulgamos informaci\u00f3n personal si nos lo exige la ley o una orden judicial, en respuesta a un organismo encargado de hacer cumplir la ley, en la medida en que lo permitan otras disposiciones legales, para proporcionar informaci\u00f3n o para una investigaci\u00f3n sobre un asunto relacionado con la seguridad p\u00fablica.<\/p><p>Si nuestro sitio web o nuestra organizaci\u00f3n son adquiridos, vendidos o participan en una fusi\u00f3n o adquisici\u00f3n, sus datos podr\u00e1n ser revelados a nuestros asesores y a los posibles compradores y ser\u00e1n transmitidos a los nuevos propietarios.<\/p><\/p><p>Hemos celebrado un acuerdo de procesamiento de datos con Google.<\/p><p>Google no podr\u00e1 utilizar los datos para otros servicios de Google.<\/p><p>Bloqueamos la inclusi\u00f3n de direcciones IP completas.<\/p><h2>5. Seguridad<\/h2><p>Estamos comprometidos con la seguridad de los datos personales. Tomamos las medidas de seguridad adecuadas para limitar el abuso y el acceso no autorizado a los datos personales. Esto garantiza que s\u00f3lo las personas necesarias tengan acceso a sus datos, que el acceso a los datos est\u00e9 protegido y que nuestras medidas de seguridad se revisen peri\u00f3dicamente.<\/p><h2>6. Sitios web de terceros<\/h2><p>Esta declaraci\u00f3n de privacidad no se aplica a los sitios web de terceros conectados mediante enlaces en nuestro sitio web. No podemos garantizar que estos terceros traten sus datos personales de forma fiable o segura. Le recomendamos que lea las declaraciones de privacidad de estos sitios web antes de utilizarlos.<\/p><h2>7. Modificaciones de la presente declaraci\u00f3n de confidencialidad<\/h2><p>Nos reservamos el derecho a modificar esta declaraci\u00f3n de privacidad. Le recomendamos que consulte esta declaraci\u00f3n de privacidad con regularidad para estar al tanto de cualquier cambio. Adem\u00e1s, le informaremos activamente siempre que sea posible.<\/p><h2>8. Acceso y modificaci\u00f3n de sus datos<\/h2><p>Si tiene alguna pregunta o desea saber qu\u00e9 datos personales tenemos sobre usted, p\u00f3ngase en contacto con nosotros. Puede ponerse en contacto con nosotros utilizando la informaci\u00f3n que figura a continuaci\u00f3n. Usted tiene los siguientes derechos:<\/p><ul>\n                <li>Tiene derecho a saber por qu\u00e9 se necesitan sus datos personales, qu\u00e9 ocurrir\u00e1 con ellos y durante cu\u00e1nto tiempo se conservar\u00e1n.<\/li>\n                <li>Derecho de acceso: Tiene derecho a acceder a sus datos personales que conozcamos.<\/li>\n                <li>Derecho de rectificaci\u00f3n: tiene derecho a completar, rectificar, suprimir o bloquear sus datos personales siempre que lo desee.<\/li>\n                <li>Si nos da su consentimiento para tratar sus datos, tiene derecho a revocarlo y a que se supriman sus datos personales.<\/li>\n                <li>Derecho a transferir sus datos: tiene derecho a solicitar todos sus datos personales al responsable del tratamiento y transferirlos en su totalidad a otro responsable.<\/li>\n                <li>Derecho de oposici\u00f3n: puede oponerse al tratamiento de sus datos. La cumplimos, salvo que existan motivos justificados para el tratamiento.<\/li>\n            <\/ul><p>Por favor, aseg\u00farese de indicar siempre con claridad qui\u00e9n es usted, para que podamos estar seguros de no modificar o borrar datos de la persona equivocada.<\/p><h2>9. Presentar una denuncia<\/h2><p>Si no est\u00e1 satisfecho con la forma en que gestionamos (una queja sobre) el tratamiento de sus datos personales, tiene derecho a presentar una queja ante la Oficina del Comisario de Informaci\u00f3n:<\/p><p><br>Casa Wycliffe<br>\n                        Carril de agua<br>\n                        Wilmslow<br>\n                        Cheshire<br>\n                        SK9 5AF<\/p><h2>10. Ni\u00f1os<\/h2><p>Nuestro sitio web no est\u00e1 dise\u00f1ado para atraer a los ni\u00f1os y no es nuestra intenci\u00f3n recopilar datos personales de ni\u00f1os menores de la edad de consentimiento en su pa\u00eds de residencia. Por lo tanto, rogamos a los menores de edad que no nos faciliten datos personales.<\/p><h2>11. 11. Datos de contacto<\/h2><p>Cruceros al atardecer en Krabi<br>\n        282\/19 5, T, Soi Krabi 11, Sai Thai, Distrito de Mueang Krabi, Krabi 81000<br>\n        Tailandia<br>\n        P\u00e1gina web: <a href=\"https:\/\/krabisunsetcruises.com\/es\">https:\/\/krabisunsetcruises.com\/es<\/a> <br>\n        Correo electr\u00f3nico: <span class=\"cmplz-obfuscate\">&#115;&#117;&#112;&#112;&#111;r&#116;@<span class=\"cmplz-fmail-domain\">&#101;x.&#099;&#111;&#109;<\/span>&#107;&#114;a&#098;i&#115;unse&#116;&#099;ruis&#101;&#115;&#046;com<\/span> <br>\n        N\u00famero de tel\u00e9fono +66 89 719 7344<\/p><\/div>","protected":false},"excerpt":{"rendered":"","protected":false},"author":49,"featured_media":0,"parent":0,"menu_order":0,"comment_status":"closed","ping_status":"closed","template":"","meta":{"footnotes":""},"class_list":["post-19792","page","type-page","status-publish","hentry"],"yoast_head":"<!-- This site is optimized with the Yoast SEO Premium plugin v27.5 (Yoast SEO v27.5) - https:\/\/yoast.com\/product\/yoast-seo-premium-wordpress\/ -->\n<title>Privacy Statement (UK) | Krabi Sunset Cruises<\/title>\n<meta name=\"robots\" content=\"index, follow, max-snippet:-1, max-image-preview:large, max-video-preview:-1\" \/>\n<link rel=\"canonical\" href=\"https:\/\/krabisunsetcruises.com\/es\/declaracion-de-privacidad\/\" \/>\n<meta property=\"og:locale\" content=\"es_ES\" \/>\n<meta property=\"og:type\" content=\"article\" \/>\n<meta property=\"og:title\" content=\"Privacy Statement (UK)\" \/>\n<meta property=\"og:url\" content=\"https:\/\/krabisunsetcruises.com\/es\/declaracion-de-privacidad\/\" \/>\n<meta property=\"og:site_name\" content=\"Krabi Sunset Cruises\" \/>\n<meta property=\"article:publisher\" content=\"https:\/\/www.facebook.com\/KrabiSunsetCruises\" \/>\n<meta property=\"og:image\" content=\"https:\/\/krabisunsetcruises.com\/wp-content\/uploads\/2023\/09\/big-boat-sunset-tour-in-krabi-thailand.jpg\" \/>\n\t<meta property=\"og:image:width\" content=\"2000\" \/>\n\t<meta property=\"og:image:height\" content=\"1500\" \/>\n\t<meta property=\"og:image:type\" content=\"image\/jpeg\" \/>\n<meta name=\"twitter:card\" content=\"summary_large_image\" \/>\n<script type=\"application\/ld+json\" class=\"yoast-schema-graph\">{\"@context\":\"https:\\\/\\\/schema.org\",\"@graph\":[{\"@type\":\"WebPage\",\"@id\":\"https:\\\/\\\/krabisunsetcruises.com\\\/privacy-statement-uk\\\/\",\"url\":\"https:\\\/\\\/krabisunsetcruises.com\\\/privacy-statement-uk\\\/\",\"name\":\"Privacy Statement (UK) | Krabi Sunset Cruises\",\"isPartOf\":{\"@id\":\"https:\\\/\\\/krabisunsetcruises.com\\\/#website\"},\"datePublished\":\"2024-09-27T19:01:12+00:00\",\"breadcrumb\":{\"@id\":\"https:\\\/\\\/krabisunsetcruises.com\\\/privacy-statement-uk\\\/#breadcrumb\"},\"inLanguage\":\"es\",\"potentialAction\":[{\"@type\":\"ReadAction\",\"target\":[\"https:\\\/\\\/krabisunsetcruises.com\\\/privacy-statement-uk\\\/\"]}]},{\"@type\":\"BreadcrumbList\",\"@id\":\"https:\\\/\\\/krabisunsetcruises.com\\\/privacy-statement-uk\\\/#breadcrumb\",\"itemListElement\":[{\"@type\":\"ListItem\",\"position\":1,\"name\":\"Home\",\"item\":\"https:\\\/\\\/krabisunsetcruises.com\\\/\"},{\"@type\":\"ListItem\",\"position\":2,\"name\":\"Privacy Statement (UK)\"}]},{\"@type\":\"WebSite\",\"@id\":\"https:\\\/\\\/krabisunsetcruises.com\\\/#website\",\"url\":\"https:\\\/\\\/krabisunsetcruises.com\\\/\",\"name\":\"Krabi Sunset Cruises\",\"description\":\"Boat Tour Adventures in Krabi\",\"publisher\":{\"@id\":\"https:\\\/\\\/krabisunsetcruises.com\\\/#organization\"},\"potentialAction\":[{\"@type\":\"SearchAction\",\"target\":{\"@type\":\"EntryPoint\",\"urlTemplate\":\"https:\\\/\\\/krabisunsetcruises.com\\\/?s={search_term_string}\"},\"query-input\":{\"@type\":\"PropertyValueSpecification\",\"valueRequired\":true,\"valueName\":\"search_term_string\"}}],\"inLanguage\":\"es\"},{\"@type\":\"Organization\",\"@id\":\"https:\\\/\\\/krabisunsetcruises.com\\\/#organization\",\"name\":\"Krabi Sunset Cruises\",\"url\":\"https:\\\/\\\/krabisunsetcruises.com\\\/\",\"logo\":{\"@type\":\"ImageObject\",\"inLanguage\":\"es\",\"@id\":\"https:\\\/\\\/krabisunsetcruises.com\\\/#\\\/schema\\\/logo\\\/image\\\/\",\"url\":\"https:\\\/\\\/krabisunsetcruises.com\\\/wp-content\\\/uploads\\\/2022\\\/03\\\/KSC_Logo_Blk.png\",\"contentUrl\":\"https:\\\/\\\/krabisunsetcruises.com\\\/wp-content\\\/uploads\\\/2022\\\/03\\\/KSC_Logo_Blk.png\",\"width\":1079,\"height\":1080,\"caption\":\"Krabi Sunset Cruises\"},\"image\":{\"@id\":\"https:\\\/\\\/krabisunsetcruises.com\\\/#\\\/schema\\\/logo\\\/image\\\/\"},\"sameAs\":[\"https:\\\/\\\/www.facebook.com\\\/KrabiSunsetCruises\",\"https:\\\/\\\/www.instagram.com\\\/krabisunsetcruises\\\/\"]}]}<\/script>\n<!-- \/ Yoast SEO Premium plugin. -->","yoast_head_json":{"title":"Declaraci\u00f3n de privacidad (Espa\u00f1a) | Krabi Sunset Cruises","robots":{"index":"index","follow":"follow","max-snippet":"max-snippet:-1","max-image-preview":"max-image-preview:large","max-video-preview":"max-video-preview:-1"},"canonical":"https:\/\/krabisunsetcruises.com\/es\/declaracion-de-privacidad\/","og_locale":"es_ES","og_type":"article","og_title":"Privacy Statement (UK)","og_url":"https:\/\/krabisunsetcruises.com\/es\/declaracion-de-privacidad\/","og_site_name":"Krabi Sunset Cruises","article_publisher":"https:\/\/www.facebook.com\/KrabiSunsetCruises","og_image":[{"width":2000,"height":1500,"url":"https:\/\/krabisunsetcruises.com\/wp-content\/uploads\/2023\/09\/big-boat-sunset-tour-in-krabi-thailand.jpg","type":"image\/jpeg"}],"twitter_card":"summary_large_image","schema":{"@context":"https:\/\/schema.org","@graph":[{"@type":"WebPage","@id":"https:\/\/krabisunsetcruises.com\/privacy-statement-uk\/","url":"https:\/\/krabisunsetcruises.com\/privacy-statement-uk\/","name":"Declaraci\u00f3n de privacidad (Espa\u00f1a) | Krabi Sunset Cruises","isPartOf":{"@id":"https:\/\/krabisunsetcruises.com\/#website"},"datePublished":"2024-09-27T19:01:12+00:00","breadcrumb":{"@id":"https:\/\/krabisunsetcruises.com\/privacy-statement-uk\/#breadcrumb"},"inLanguage":"es","potentialAction":[{"@type":"ReadAction","target":["https:\/\/krabisunsetcruises.com\/privacy-statement-uk\/"]}]},{"@type":"BreadcrumbList","@id":"https:\/\/krabisunsetcruises.com\/privacy-statement-uk\/#breadcrumb","itemListElement":[{"@type":"ListItem","position":1,"name":"Home","item":"https:\/\/krabisunsetcruises.com\/"},{"@type":"ListItem","position":2,"name":"Privacy Statement (UK)"}]},{"@type":"WebSite","@id":"https:\/\/krabisunsetcruises.com\/#website","url":"https:\/\/krabisunsetcruises.com\/","name":"Cruceros al atardecer en Krabi","description":"Aventuras en barco en Krabi","publisher":{"@id":"https:\/\/krabisunsetcruises.com\/#organization"},"potentialAction":[{"@type":"SearchAction","target":{"@type":"EntryPoint","urlTemplate":"https:\/\/krabisunsetcruises.com\/?s={search_term_string}"},"query-input":{"@type":"PropertyValueSpecification","valueRequired":true,"valueName":"search_term_string"}}],"inLanguage":"es"},{"@type":"Organization","@id":"https:\/\/krabisunsetcruises.com\/#organization","name":"Cruceros al atardecer en Krabi","url":"https:\/\/krabisunsetcruises.com\/","logo":{"@type":"ImageObject","inLanguage":"es","@id":"https:\/\/krabisunsetcruises.com\/#\/schema\/logo\/image\/","url":"https:\/\/krabisunsetcruises.com\/wp-content\/uploads\/2022\/03\/KSC_Logo_Blk.png","contentUrl":"https:\/\/krabisunsetcruises.com\/wp-content\/uploads\/2022\/03\/KSC_Logo_Blk.png","width":1079,"height":1080,"caption":"Krabi Sunset Cruises"},"image":{"@id":"https:\/\/krabisunsetcruises.com\/#\/schema\/logo\/image\/"},"sameAs":["https:\/\/www.facebook.com\/KrabiSunsetCruises","https:\/\/www.instagram.com\/krabisunsetcruises\/"]}]}},"_links":{"self":[{"href":"https:\/\/krabisunsetcruises.com\/es\/wp-json\/wp\/v2\/pages\/19792","targetHints":{"allow":["GET"]}}],"collection":[{"href":"https:\/\/krabisunsetcruises.com\/es\/wp-json\/wp\/v2\/pages"}],"about":[{"href":"https:\/\/krabisunsetcruises.com\/es\/wp-json\/wp\/v2\/types\/page"}],"author":[{"embeddable":true,"href":"https:\/\/krabisunsetcruises.com\/es\/wp-json\/wp\/v2\/users\/49"}],"replies":[{"embeddable":true,"href":"https:\/\/krabisunsetcruises.com\/es\/wp-json\/wp\/v2\/comments?post=19792"}],"version-history":[{"count":0,"href":"https:\/\/krabisunsetcruises.com\/es\/wp-json\/wp\/v2\/pages\/19792\/revisions"}],"wp:attachment":[{"href":"https:\/\/krabisunsetcruises.com\/es\/wp-json\/wp\/v2\/media?parent=19792"}],"curies":[{"name":"wp","href":"https:\/\/api.w.org\/{rel}","templated":true}]}}