{"id":4786,"date":"2022-05-27T16:37:19","date_gmt":"2022-05-27T16:37:19","guid":{"rendered":"https:\/\/krabisunsetcruises.com\/?page_id=4786"},"modified":"2024-05-31T15:21:13","modified_gmt":"2024-05-31T15:21:13","slug":"politica-de-privacidad","status":"publish","type":"page","link":"https:\/\/krabisunsetcruises.com\/es\/privacy-policy\/","title":{"rendered":"Pol\u00edtica de privacidad"},"content":{"rendered":"<h2 class=\"wp-block-heading\">Nos importa su intimidad<\/h2>\n\n\n\n<p><strong>\u00bfQu\u00e9 informaci\u00f3n recogemos?<\/strong><br>Recopilamos informaci\u00f3n sobre usted cuando se registra en nuestro sitio, realiza un pedido, se suscribe a nuestro bolet\u00edn, responde a una encuesta o rellena un formulario.<br>Al realizar un pedido o registrarse en nuestro sitio, seg\u00fan proceda, es posible que se le pida que introduzca su nombre, direcci\u00f3n de correo electr\u00f3nico, direcci\u00f3n postal, n\u00famero de tel\u00e9fono y\/o datos de su tarjeta de cr\u00e9dito. No obstante, puede visitar nuestro sitio de forma an\u00f3nima.<\/p>\n\n\n\n<p><strong>\u00bfPara qu\u00e9 utilizamos sus datos?<\/strong><br>Toda la informaci\u00f3n que recopilemos sobre usted podr\u00e1 utilizarse de una de las siguientes maneras:<\/p>\n\n\n\n<ul class=\"wp-block-list\"><li>Para personalizar su experiencia<br>Su informaci\u00f3n nos ayuda a responder mejor a sus necesidades individuales<\/li><li>Para mejorar nuestro sitio web<br>Nos esforzamos continuamente por mejorar la oferta de nuestro sitio web bas\u00e1ndonos en la informaci\u00f3n y los comentarios que recibimos de usted.<\/li><li>Mejorar el servicio al cliente<br>Su informaci\u00f3n nos ayuda a responder m\u00e1s eficazmente a sus solicitudes de servicio al cliente y a sus necesidades de asistencia.<\/li><li>Para procesar transacciones<\/li><li>Para administrar un concurso, promoci\u00f3n, encuesta u otra funci\u00f3n del sitio web<\/li><li>Para enviar correos electr\u00f3nicos peri\u00f3dicos<br>La direcci\u00f3n de correo electr\u00f3nico que facilite para tramitar el pedido podr\u00e1 utilizarse para enviarle informaci\u00f3n y actualizaciones relativas a su pedido, adem\u00e1s de recibir ocasionalmente noticias de la empresa, actualizaciones, informaci\u00f3n relacionada con productos o servicios, etc.<\/li><\/ul>\n\n\n\n<p><strong>Nota:<\/strong>&nbsp;Si en alg\u00fan momento desea darse de baja para no recibir m\u00e1s correos electr\u00f3nicos, incluimos instrucciones detalladas para ello al final de cada mensaje.<\/p>\n\n\n\n<p><strong>\u00bfC\u00f3mo protegemos su informaci\u00f3n?<\/strong><br>Aplicamos diversas medidas de seguridad para mantener la seguridad de su informaci\u00f3n personal cuando realiza un pedido o accede a su informaci\u00f3n personal.<\/p>\n\n\n\n<p>Ofrecemos el uso de un servidor seguro. Toda la informaci\u00f3n sensible\/de cr\u00e9dito suministrada se transmite a trav\u00e9s de la tecnolog\u00eda Secure Socket Layer (SSL) y, a continuaci\u00f3n, se encripta en la base de datos de nuestros proveedores de pasarelas de pago, a la que s\u00f3lo pueden acceder las personas autorizadas con derechos de acceso especiales a dichos sistemas, y que est\u00e1n obligadas a mantener la confidencialidad de la informaci\u00f3n.<br>Despu\u00e9s de una transacci\u00f3n, su informaci\u00f3n privada (tarjetas de cr\u00e9dito, n\u00fameros de la seguridad social, datos financieros, etc.) no se conservar\u00e1 en los archivos durante m\u00e1s de 60 d\u00edas.<\/p>\n\n\n\n<p><strong>\u00bfUtilizamos cookies?<\/strong><br>S\u00ed (Las cookies son peque\u00f1os archivos que un sitio o su proveedor de servicios transfiere al disco duro de su ordenador a trav\u00e9s de su navegador web (si usted lo permite) y que permiten a los sistemas de los sitios o proveedores de servicios reconocer su navegador y capturar y recordar determinada informaci\u00f3n.<\/p>\n\n\n\n<p>Utilizamos cookies para ayudarnos a recordar y procesar los art\u00edculos de su cesta de la compra, comprender y guardar sus preferencias para futuras visitas, hacer un seguimiento de los anuncios y recopilar datos agregados sobre el tr\u00e1fico y la interacci\u00f3n en el sitio para que podamos ofrecer mejores experiencias y herramientas en el futuro. Podemos contratar a terceros proveedores de servicios para que nos ayuden a comprender mejor a los visitantes de nuestro sitio. Estos proveedores de servicios no est\u00e1n autorizados a utilizar la informaci\u00f3n recopilada en nuestro nombre excepto para ayudarnos a dirigir y mejorar nuestro negocio.<br>Si lo prefiere, puede elegir que su ordenador le avise cada vez que se env\u00ede una cookie, o puede optar por desactivar todas las cookies a trav\u00e9s de la configuraci\u00f3n de su navegador. Al igual que la mayor\u00eda de los sitios web, si desactiva las cookies, es posible que algunos de nuestros servicios no funcionen correctamente. No obstante, puede seguir haciendo pedidos por tel\u00e9fono o poni\u00e9ndose en contacto con el servicio de atenci\u00f3n al cliente.<\/p>\n\n\n\n<p><strong>\u00bfDivulgamos informaci\u00f3n a terceros?<\/strong><br>No vendemos, intercambiamos ni transferimos a terceros sus datos personales. Esto no incluye a terceros de confianza que nos ayudan a operar nuestro sitio web, a llevar a cabo nuestro negocio o a prestarle servicios, siempre y cuando dichas partes se comprometan a mantener la confidencialidad de esta informaci\u00f3n. Tambi\u00e9n podemos divulgar su informaci\u00f3n cuando creamos que es apropiado para cumplir la ley, hacer cumplir las pol\u00edticas de nuestro sitio o proteger nuestros derechos, propiedad o seguridad o los de otros. No obstante, la informaci\u00f3n no personal de los visitantes puede ser facilitada a terceros para fines de marketing, publicidad u otros usos.<\/p>\n\n\n\n<p><strong>Terceros<\/strong> enlaces<br>Ocasionalmente, a nuestra discreci\u00f3n, podemos incluir u ofrecer productos o servicios de terceros en nuestro sitio web. Estos sitios de terceros tienen pol\u00edticas de privacidad separadas e independientes. Por lo tanto, no tenemos responsabilidad alguna por el contenido y las actividades de estos sitios enlazados. No obstante, tratamos de proteger la integridad de nuestro sitio y agradecemos cualquier comentario sobre estos sitios.<\/p>\n\n\n\n<p><strong>Cumplimiento de la Ley de Protecci\u00f3n de la Privacidad en L\u00ednea<\/strong><br>Porque valoramos su privacidad, hemos tomado las precauciones necesarias para cumplir la Ley de Protecci\u00f3n de la Privacidad en L\u00ednea de California y la Ley Canadiense de Protecci\u00f3n de la Informaci\u00f3n Personal y los Documentos Electr\u00f3nicos (PIPEDA). Por lo tanto, no distribuiremos su informaci\u00f3n personal a terceros sin su consentimiento.<\/p>\n\n\n\n<p><strong>Su consentimiento<\/strong><br>Al utilizar nuestro sitio, usted acepta la pol\u00edtica de privacidad de nuestro sitio web y subdominios.<\/p>\n\n\n\n<p><strong>Cambios en nuestra pol\u00edtica de privacidad<\/strong><br>Si decidimos cambiar nuestra pol\u00edtica de privacidad, publicaremos dichos cambios en esta p\u00e1gina.<\/p>\n\n\n\n<hr class=\"wp-block-separator has-alpha-channel-opacity\" \/>\n\n\n\n<p>\u00daltima actualizaci\u00f3n el 10 de mayo de 2022<\/p>","protected":false},"excerpt":{"rendered":"<p>We Care About Your Privacy What information do we collect?We collect information from you when you register on our site, place an order, subscribe to our newsletter, respond to a survey or fill out a form.When ordering or registering on our site, as appropriate, you may be asked to enter your: name, e-mail address, mailing [&hellip;]<\/p>\n","protected":false},"author":49,"featured_media":0,"parent":0,"menu_order":0,"comment_status":"closed","ping_status":"closed","template":"","meta":{"footnotes":""},"class_list":["post-4786","page","type-page","status-publish","hentry"],"yoast_head":"<!-- This site is optimized with the Yoast SEO Premium plugin v27.3 (Yoast SEO v27.3) - https:\/\/yoast.com\/product\/yoast-seo-premium-wordpress\/ -->\n<title>Privacy Policy | Krabi Sunset Cruises<\/title>\n<meta name=\"description\" content=\"We care about your privacy. Read our policy, and find out how we collect your information and what we do to protect it.\" \/>\n<meta name=\"robots\" content=\"index, follow, max-snippet:-1, max-image-preview:large, max-video-preview:-1\" \/>\n<link rel=\"canonical\" href=\"https:\/\/krabisunsetcruises.com\/es\/politica-de-privacidad\/\" \/>\n<meta property=\"og:locale\" content=\"es_ES\" \/>\n<meta property=\"og:type\" content=\"article\" \/>\n<meta property=\"og:title\" content=\"Privacy Policy\" \/>\n<meta property=\"og:description\" content=\"We care about your privacy. Read our policy, and find out how we collect your information and what we do to protect it.\" \/>\n<meta property=\"og:url\" content=\"https:\/\/krabisunsetcruises.com\/es\/politica-de-privacidad\/\" \/>\n<meta property=\"og:site_name\" content=\"Krabi Sunset Cruises\" \/>\n<meta property=\"article:publisher\" content=\"https:\/\/www.facebook.com\/KrabiSunsetCruises\" \/>\n<meta property=\"article:modified_time\" content=\"2024-05-31T15:21:13+00:00\" \/>\n<meta property=\"og:image\" content=\"https:\/\/krabisunsetcruises.com\/wp-content\/uploads\/2023\/09\/big-boat-sunset-tour-in-krabi-thailand.jpg\" \/>\n\t<meta property=\"og:image:width\" content=\"2000\" \/>\n\t<meta property=\"og:image:height\" content=\"1500\" \/>\n\t<meta property=\"og:image:type\" content=\"image\/jpeg\" \/>\n<meta name=\"twitter:card\" content=\"summary_large_image\" \/>\n<meta name=\"twitter:label1\" content=\"Tiempo de lectura\" \/>\n\t<meta name=\"twitter:data1\" content=\"4 minutos\" \/>\n<script type=\"application\/ld+json\" class=\"yoast-schema-graph\">{\"@context\":\"https:\\\/\\\/schema.org\",\"@graph\":[{\"@type\":\"WebPage\",\"@id\":\"https:\\\/\\\/krabisunsetcruises.com\\\/privacy-policy\\\/\",\"url\":\"https:\\\/\\\/krabisunsetcruises.com\\\/privacy-policy\\\/\",\"name\":\"Privacy Policy | Krabi Sunset Cruises\",\"isPartOf\":{\"@id\":\"https:\\\/\\\/krabisunsetcruises.com\\\/#website\"},\"datePublished\":\"2022-05-27T16:37:19+00:00\",\"dateModified\":\"2024-05-31T15:21:13+00:00\",\"description\":\"We care about your privacy. Read our policy, and find out how we collect your information and what we do to protect it.\",\"breadcrumb\":{\"@id\":\"https:\\\/\\\/krabisunsetcruises.com\\\/privacy-policy\\\/#breadcrumb\"},\"inLanguage\":\"es\",\"potentialAction\":[{\"@type\":\"ReadAction\",\"target\":[\"https:\\\/\\\/krabisunsetcruises.com\\\/privacy-policy\\\/\"]}]},{\"@type\":\"BreadcrumbList\",\"@id\":\"https:\\\/\\\/krabisunsetcruises.com\\\/privacy-policy\\\/#breadcrumb\",\"itemListElement\":[{\"@type\":\"ListItem\",\"position\":1,\"name\":\"Home\",\"item\":\"https:\\\/\\\/krabisunsetcruises.com\\\/\"},{\"@type\":\"ListItem\",\"position\":2,\"name\":\"Privacy Policy\"}]},{\"@type\":\"WebSite\",\"@id\":\"https:\\\/\\\/krabisunsetcruises.com\\\/#website\",\"url\":\"https:\\\/\\\/krabisunsetcruises.com\\\/\",\"name\":\"Krabi Sunset Cruises\",\"description\":\"Boat Tour Adventures in Krabi\",\"publisher\":{\"@id\":\"https:\\\/\\\/krabisunsetcruises.com\\\/#organization\"},\"potentialAction\":[{\"@type\":\"SearchAction\",\"target\":{\"@type\":\"EntryPoint\",\"urlTemplate\":\"https:\\\/\\\/krabisunsetcruises.com\\\/?s={search_term_string}\"},\"query-input\":{\"@type\":\"PropertyValueSpecification\",\"valueRequired\":true,\"valueName\":\"search_term_string\"}}],\"inLanguage\":\"es\"},{\"@type\":\"Organization\",\"@id\":\"https:\\\/\\\/krabisunsetcruises.com\\\/#organization\",\"name\":\"Krabi Sunset Cruises\",\"url\":\"https:\\\/\\\/krabisunsetcruises.com\\\/\",\"logo\":{\"@type\":\"ImageObject\",\"inLanguage\":\"es\",\"@id\":\"https:\\\/\\\/krabisunsetcruises.com\\\/#\\\/schema\\\/logo\\\/image\\\/\",\"url\":\"https:\\\/\\\/krabisunsetcruises.com\\\/wp-content\\\/uploads\\\/2022\\\/03\\\/KSC_Logo_Blk.png\",\"contentUrl\":\"https:\\\/\\\/krabisunsetcruises.com\\\/wp-content\\\/uploads\\\/2022\\\/03\\\/KSC_Logo_Blk.png\",\"width\":1079,\"height\":1080,\"caption\":\"Krabi Sunset Cruises\"},\"image\":{\"@id\":\"https:\\\/\\\/krabisunsetcruises.com\\\/#\\\/schema\\\/logo\\\/image\\\/\"},\"sameAs\":[\"https:\\\/\\\/www.facebook.com\\\/KrabiSunsetCruises\",\"https:\\\/\\\/www.instagram.com\\\/krabisunsetcruises\\\/\"]}]}<\/script>\n<!-- \/ Yoast SEO Premium plugin. -->","yoast_head_json":{"title":"Pol\u00edtica de privacidad | Krabi Sunset Cruises","description":"Nos preocupa su privacidad. Lea nuestra pol\u00edtica y descubra c\u00f3mo recopilamos su informaci\u00f3n y qu\u00e9 hacemos para protegerla.","robots":{"index":"index","follow":"follow","max-snippet":"max-snippet:-1","max-image-preview":"max-image-preview:large","max-video-preview":"max-video-preview:-1"},"canonical":"https:\/\/krabisunsetcruises.com\/es\/politica-de-privacidad\/","og_locale":"es_ES","og_type":"article","og_title":"Privacy Policy","og_description":"We care about your privacy. Read our policy, and find out how we collect your information and what we do to protect it.","og_url":"https:\/\/krabisunsetcruises.com\/es\/politica-de-privacidad\/","og_site_name":"Krabi Sunset Cruises","article_publisher":"https:\/\/www.facebook.com\/KrabiSunsetCruises","article_modified_time":"2024-05-31T15:21:13+00:00","og_image":[{"width":2000,"height":1500,"url":"https:\/\/krabisunsetcruises.com\/wp-content\/uploads\/2023\/09\/big-boat-sunset-tour-in-krabi-thailand.jpg","type":"image\/jpeg"}],"twitter_card":"summary_large_image","twitter_misc":{"Tiempo de lectura":"4 minutos"},"schema":{"@context":"https:\/\/schema.org","@graph":[{"@type":"WebPage","@id":"https:\/\/krabisunsetcruises.com\/privacy-policy\/","url":"https:\/\/krabisunsetcruises.com\/privacy-policy\/","name":"Pol\u00edtica de privacidad | Krabi Sunset Cruises","isPartOf":{"@id":"https:\/\/krabisunsetcruises.com\/#website"},"datePublished":"2022-05-27T16:37:19+00:00","dateModified":"2024-05-31T15:21:13+00:00","description":"Nos preocupa su privacidad. Lea nuestra pol\u00edtica y descubra c\u00f3mo recopilamos su informaci\u00f3n y qu\u00e9 hacemos para protegerla.","breadcrumb":{"@id":"https:\/\/krabisunsetcruises.com\/privacy-policy\/#breadcrumb"},"inLanguage":"es","potentialAction":[{"@type":"ReadAction","target":["https:\/\/krabisunsetcruises.com\/privacy-policy\/"]}]},{"@type":"BreadcrumbList","@id":"https:\/\/krabisunsetcruises.com\/privacy-policy\/#breadcrumb","itemListElement":[{"@type":"ListItem","position":1,"name":"Home","item":"https:\/\/krabisunsetcruises.com\/"},{"@type":"ListItem","position":2,"name":"Privacy Policy"}]},{"@type":"WebSite","@id":"https:\/\/krabisunsetcruises.com\/#website","url":"https:\/\/krabisunsetcruises.com\/","name":"Cruceros al atardecer en Krabi","description":"Aventuras en barco en Krabi","publisher":{"@id":"https:\/\/krabisunsetcruises.com\/#organization"},"potentialAction":[{"@type":"SearchAction","target":{"@type":"EntryPoint","urlTemplate":"https:\/\/krabisunsetcruises.com\/?s={search_term_string}"},"query-input":{"@type":"PropertyValueSpecification","valueRequired":true,"valueName":"search_term_string"}}],"inLanguage":"es"},{"@type":"Organization","@id":"https:\/\/krabisunsetcruises.com\/#organization","name":"Cruceros al atardecer en Krabi","url":"https:\/\/krabisunsetcruises.com\/","logo":{"@type":"ImageObject","inLanguage":"es","@id":"https:\/\/krabisunsetcruises.com\/#\/schema\/logo\/image\/","url":"https:\/\/krabisunsetcruises.com\/wp-content\/uploads\/2022\/03\/KSC_Logo_Blk.png","contentUrl":"https:\/\/krabisunsetcruises.com\/wp-content\/uploads\/2022\/03\/KSC_Logo_Blk.png","width":1079,"height":1080,"caption":"Krabi Sunset Cruises"},"image":{"@id":"https:\/\/krabisunsetcruises.com\/#\/schema\/logo\/image\/"},"sameAs":["https:\/\/www.facebook.com\/KrabiSunsetCruises","https:\/\/www.instagram.com\/krabisunsetcruises\/"]}]}},"_links":{"self":[{"href":"https:\/\/krabisunsetcruises.com\/es\/wp-json\/wp\/v2\/pages\/4786","targetHints":{"allow":["GET"]}}],"collection":[{"href":"https:\/\/krabisunsetcruises.com\/es\/wp-json\/wp\/v2\/pages"}],"about":[{"href":"https:\/\/krabisunsetcruises.com\/es\/wp-json\/wp\/v2\/types\/page"}],"author":[{"embeddable":true,"href":"https:\/\/krabisunsetcruises.com\/es\/wp-json\/wp\/v2\/users\/49"}],"replies":[{"embeddable":true,"href":"https:\/\/krabisunsetcruises.com\/es\/wp-json\/wp\/v2\/comments?post=4786"}],"version-history":[{"count":1,"href":"https:\/\/krabisunsetcruises.com\/es\/wp-json\/wp\/v2\/pages\/4786\/revisions"}],"predecessor-version":[{"id":16186,"href":"https:\/\/krabisunsetcruises.com\/es\/wp-json\/wp\/v2\/pages\/4786\/revisions\/16186"}],"wp:attachment":[{"href":"https:\/\/krabisunsetcruises.com\/es\/wp-json\/wp\/v2\/media?parent=4786"}],"curies":[{"name":"wp","href":"https:\/\/api.w.org\/{rel}","templated":true}]}}