{"id":6984,"date":"2022-11-15T23:38:54","date_gmt":"2022-11-15T23:38:54","guid":{"rendered":"https:\/\/krabisunsetcruises.com\/newsletter-signup\/"},"modified":"2024-05-31T15:19:37","modified_gmt":"2024-05-31T15:19:37","slug":"suscripcion-al-boletin","status":"publish","type":"page","link":"https:\/\/krabisunsetcruises.com\/es\/newsletter-signup\/","title":{"rendered":"Bolet\u00edn"},"content":{"rendered":"<p>[newsletter_signup]Signup for the newsletter[newsletter_signup_form id=1][\/newsletter_signup]<\/p>\n\n\n<p>[newsletter_confirm]Thanks for your interest![\/newsletter_confirm]<\/p>\n\n\n<p>[newsletter_unsubscribe]Do you really want to unsubscribe?[\/newsletter_unsubscribe]<\/p>\n","protected":false},"excerpt":{"rendered":"","protected":false},"author":49,"featured_media":0,"parent":0,"menu_order":0,"comment_status":"closed","ping_status":"closed","template":"","meta":{"footnotes":""},"class_list":["post-6984","page","type-page","status-publish","hentry"],"yoast_head":"<!-- This site is optimized with the Yoast SEO Premium plugin v27.2 (Yoast SEO v27.2) - https:\/\/yoast.com\/product\/yoast-seo-premium-wordpress\/ -->\n<title>Newsletter | Krabi Sunset Cruises<\/title>\n<meta name=\"description\" content=\"Sign up for Krabi Sunset Cruises Newsletter and be the first to hear all our news, events and plenty of things to do in Krabi.\" \/>\n<meta name=\"robots\" content=\"index, follow, max-snippet:-1, max-image-preview:large, max-video-preview:-1\" \/>\n<link rel=\"canonical\" href=\"https:\/\/krabisunsetcruises.com\/es\/suscripcion-al-boletin\/\" \/>\n<meta property=\"og:locale\" content=\"es_ES\" \/>\n<meta property=\"og:type\" content=\"article\" \/>\n<meta property=\"og:title\" content=\"Newsletter\" \/>\n<meta property=\"og:description\" content=\"Sign up for Krabi Sunset Cruises Newsletter and be the first to hear all our news, events and plenty of things to do in Krabi.\" \/>\n<meta property=\"og:url\" content=\"https:\/\/krabisunsetcruises.com\/es\/suscripcion-al-boletin\/\" \/>\n<meta property=\"og:site_name\" content=\"Krabi Sunset Cruises\" \/>\n<meta property=\"article:publisher\" content=\"https:\/\/www.facebook.com\/KrabiSunsetCruises\" \/>\n<meta property=\"article:modified_time\" content=\"2024-05-31T15:19:37+00:00\" \/>\n<meta property=\"og:image\" content=\"https:\/\/krabisunsetcruises.com\/wp-content\/uploads\/2023\/09\/big-boat-sunset-tour-in-krabi-thailand.jpg\" \/>\n\t<meta property=\"og:image:width\" content=\"2000\" \/>\n\t<meta property=\"og:image:height\" content=\"1500\" \/>\n\t<meta property=\"og:image:type\" content=\"image\/jpeg\" \/>\n<meta name=\"twitter:card\" content=\"summary_large_image\" \/>\n<meta name=\"twitter:label1\" content=\"Tiempo de lectura\" \/>\n\t<meta name=\"twitter:data1\" content=\"1 minuto\" \/>\n<script type=\"application\/ld+json\" class=\"yoast-schema-graph\">{\"@context\":\"https:\/\/schema.org\",\"@graph\":[{\"@type\":\"WebPage\",\"@id\":\"https:\/\/krabisunsetcruises.com\/newsletter-signup\/\",\"url\":\"https:\/\/krabisunsetcruises.com\/newsletter-signup\/\",\"name\":\"Newsletter | Krabi Sunset Cruises\",\"isPartOf\":{\"@id\":\"https:\/\/krabisunsetcruises.com\/#website\"},\"datePublished\":\"2022-11-15T23:38:54+00:00\",\"dateModified\":\"2024-05-31T15:19:37+00:00\",\"description\":\"Sign up for Krabi Sunset Cruises Newsletter and be the first to hear all our news, events and plenty of things to do in Krabi.\",\"breadcrumb\":{\"@id\":\"https:\/\/krabisunsetcruises.com\/newsletter-signup\/#breadcrumb\"},\"inLanguage\":\"es\",\"potentialAction\":[{\"@type\":\"ReadAction\",\"target\":[\"https:\/\/krabisunsetcruises.com\/newsletter-signup\/\"]}]},{\"@type\":\"BreadcrumbList\",\"@id\":\"https:\/\/krabisunsetcruises.com\/newsletter-signup\/#breadcrumb\",\"itemListElement\":[{\"@type\":\"ListItem\",\"position\":1,\"name\":\"Home\",\"item\":\"https:\/\/krabisunsetcruises.com\/\"},{\"@type\":\"ListItem\",\"position\":2,\"name\":\"Newsletter\"}]},{\"@type\":\"WebSite\",\"@id\":\"https:\/\/krabisunsetcruises.com\/#website\",\"url\":\"https:\/\/krabisunsetcruises.com\/\",\"name\":\"Krabi Sunset Cruises\",\"description\":\"Boat Tour Adventures in Krabi\",\"publisher\":{\"@id\":\"https:\/\/krabisunsetcruises.com\/#organization\"},\"potentialAction\":[{\"@type\":\"SearchAction\",\"target\":{\"@type\":\"EntryPoint\",\"urlTemplate\":\"https:\/\/krabisunsetcruises.com\/?s={search_term_string}\"},\"query-input\":{\"@type\":\"PropertyValueSpecification\",\"valueRequired\":true,\"valueName\":\"search_term_string\"}}],\"inLanguage\":\"es\"},{\"@type\":\"Organization\",\"@id\":\"https:\/\/krabisunsetcruises.com\/#organization\",\"name\":\"Krabi Sunset Cruises\",\"url\":\"https:\/\/krabisunsetcruises.com\/\",\"logo\":{\"@type\":\"ImageObject\",\"inLanguage\":\"es\",\"@id\":\"https:\/\/krabisunsetcruises.com\/#\/schema\/logo\/image\/\",\"url\":\"https:\/\/krabisunsetcruises.com\/wp-content\/uploads\/2022\/03\/KSC_Logo_Blk.png\",\"contentUrl\":\"https:\/\/krabisunsetcruises.com\/wp-content\/uploads\/2022\/03\/KSC_Logo_Blk.png\",\"width\":1079,\"height\":1080,\"caption\":\"Krabi Sunset Cruises\"},\"image\":{\"@id\":\"https:\/\/krabisunsetcruises.com\/#\/schema\/logo\/image\/\"},\"sameAs\":[\"https:\/\/www.facebook.com\/KrabiSunsetCruises\",\"https:\/\/www.instagram.com\/krabisunsetcruises\/\"]}]}<\/script>\n<!-- \/ Yoast SEO Premium plugin. -->","yoast_head_json":{"title":"Newsletter | Cruceros al atardecer en Krabi","description":"Suscr\u00edbase al bolet\u00edn de Krabi Sunset Cruises y sea el primero en enterarse de todas nuestras noticias, eventos y un mont\u00f3n de cosas que hacer en Krabi.","robots":{"index":"index","follow":"follow","max-snippet":"max-snippet:-1","max-image-preview":"max-image-preview:large","max-video-preview":"max-video-preview:-1"},"canonical":"https:\/\/krabisunsetcruises.com\/es\/suscripcion-al-boletin\/","og_locale":"es_ES","og_type":"article","og_title":"Newsletter","og_description":"Sign up for Krabi Sunset Cruises Newsletter and be the first to hear all our news, events and plenty of things to do in Krabi.","og_url":"https:\/\/krabisunsetcruises.com\/es\/suscripcion-al-boletin\/","og_site_name":"Krabi Sunset Cruises","article_publisher":"https:\/\/www.facebook.com\/KrabiSunsetCruises","article_modified_time":"2024-05-31T15:19:37+00:00","og_image":[{"width":2000,"height":1500,"url":"https:\/\/krabisunsetcruises.com\/wp-content\/uploads\/2023\/09\/big-boat-sunset-tour-in-krabi-thailand.jpg","type":"image\/jpeg"}],"twitter_card":"summary_large_image","twitter_misc":{"Tiempo de lectura":"1 minuto"},"schema":{"@context":"https:\/\/schema.org","@graph":[{"@type":"WebPage","@id":"https:\/\/krabisunsetcruises.com\/newsletter-signup\/","url":"https:\/\/krabisunsetcruises.com\/newsletter-signup\/","name":"Newsletter | Cruceros al atardecer en Krabi","isPartOf":{"@id":"https:\/\/krabisunsetcruises.com\/#website"},"datePublished":"2022-11-15T23:38:54+00:00","dateModified":"2024-05-31T15:19:37+00:00","description":"Suscr\u00edbase al bolet\u00edn de Krabi Sunset Cruises y sea el primero en enterarse de todas nuestras noticias, eventos y un mont\u00f3n de cosas que hacer en Krabi.","breadcrumb":{"@id":"https:\/\/krabisunsetcruises.com\/newsletter-signup\/#breadcrumb"},"inLanguage":"es","potentialAction":[{"@type":"ReadAction","target":["https:\/\/krabisunsetcruises.com\/newsletter-signup\/"]}]},{"@type":"BreadcrumbList","@id":"https:\/\/krabisunsetcruises.com\/newsletter-signup\/#breadcrumb","itemListElement":[{"@type":"ListItem","position":1,"name":"Home","item":"https:\/\/krabisunsetcruises.com\/"},{"@type":"ListItem","position":2,"name":"Newsletter"}]},{"@type":"WebSite","@id":"https:\/\/krabisunsetcruises.com\/#website","url":"https:\/\/krabisunsetcruises.com\/","name":"Cruceros al atardecer en Krabi","description":"Aventuras en barco en Krabi","publisher":{"@id":"https:\/\/krabisunsetcruises.com\/#organization"},"potentialAction":[{"@type":"SearchAction","target":{"@type":"EntryPoint","urlTemplate":"https:\/\/krabisunsetcruises.com\/?s={search_term_string}"},"query-input":{"@type":"PropertyValueSpecification","valueRequired":true,"valueName":"search_term_string"}}],"inLanguage":"es"},{"@type":"Organization","@id":"https:\/\/krabisunsetcruises.com\/#organization","name":"Cruceros al atardecer en Krabi","url":"https:\/\/krabisunsetcruises.com\/","logo":{"@type":"ImageObject","inLanguage":"es","@id":"https:\/\/krabisunsetcruises.com\/#\/schema\/logo\/image\/","url":"https:\/\/krabisunsetcruises.com\/wp-content\/uploads\/2022\/03\/KSC_Logo_Blk.png","contentUrl":"https:\/\/krabisunsetcruises.com\/wp-content\/uploads\/2022\/03\/KSC_Logo_Blk.png","width":1079,"height":1080,"caption":"Krabi Sunset Cruises"},"image":{"@id":"https:\/\/krabisunsetcruises.com\/#\/schema\/logo\/image\/"},"sameAs":["https:\/\/www.facebook.com\/KrabiSunsetCruises","https:\/\/www.instagram.com\/krabisunsetcruises\/"]}]}},"_links":{"self":[{"href":"https:\/\/krabisunsetcruises.com\/es\/wp-json\/wp\/v2\/pages\/6984","targetHints":{"allow":["GET"]}}],"collection":[{"href":"https:\/\/krabisunsetcruises.com\/es\/wp-json\/wp\/v2\/pages"}],"about":[{"href":"https:\/\/krabisunsetcruises.com\/es\/wp-json\/wp\/v2\/types\/page"}],"author":[{"embeddable":true,"href":"https:\/\/krabisunsetcruises.com\/es\/wp-json\/wp\/v2\/users\/49"}],"replies":[{"embeddable":true,"href":"https:\/\/krabisunsetcruises.com\/es\/wp-json\/wp\/v2\/comments?post=6984"}],"version-history":[{"count":1,"href":"https:\/\/krabisunsetcruises.com\/es\/wp-json\/wp\/v2\/pages\/6984\/revisions"}],"predecessor-version":[{"id":6985,"href":"https:\/\/krabisunsetcruises.com\/es\/wp-json\/wp\/v2\/pages\/6984\/revisions\/6985"}],"wp:attachment":[{"href":"https:\/\/krabisunsetcruises.com\/es\/wp-json\/wp\/v2\/media?parent=6984"}],"curies":[{"name":"wp","href":"https:\/\/api.w.org\/{rel}","templated":true}]}}