{"id":19790,"date":"2024-09-27T19:01:11","date_gmt":"2024-09-27T19:01:11","guid":{"rendered":"https:\/\/krabisunsetcruises.com\/privacy-statement-eu\/"},"modified":"2024-09-27T19:01:11","modified_gmt":"2024-09-27T19:01:11","slug":"declaration-de-confidentialite-de-lue","status":"publish","type":"page","link":"https:\/\/krabisunsetcruises.com\/fr\/privacy-statement-eu\/","title":{"rendered":"D\u00e9claration de confidentialit\u00e9 (UE)"},"content":{"rendered":"<!-- Legal document generated by Complianz | GDPR\/CCPA Cookie Consent https:\/\/wordpress.org\/plugins\/complianz-gdpr -->\n<div id=\"cmplz-document\" class=\"cmplz-document privacy-statement cmplz-document-eu\"><p><i>Cette d\u00e9claration de confidentialit\u00e9 a \u00e9t\u00e9 mise \u00e0 jour pour la derni\u00e8re fois le 27 septembre 2024 et s'applique aux citoyens et aux r\u00e9sidents permanents l\u00e9gaux de l'Espace \u00e9conomique europ\u00e9en et de la Suisse.<\/i><br \/><br \/><\/p><p><p>Dans cette d\u00e9claration de confidentialit\u00e9, nous expliquons ce que nous faisons des donn\u00e9es que nous obtenons \u00e0 votre sujet par l'interm\u00e9diaire de <a href=\"https:\/\/krabisunsetcruises.com\/fr\">https:\/\/krabisunsetcruises.com\/fr<\/a>. Nous vous recommandons de lire attentivement cette d\u00e9claration. Dans le cadre de notre traitement, nous respectons les exigences de la l\u00e9gislation relative \u00e0 la protection de la vie priv\u00e9e. Cela signifie, entre autres, que :<\/p><ul>\n                <li>nous indiquons clairement les raisons pour lesquelles nous traitons les donn\u00e9es \u00e0 caract\u00e8re personnel. Nous le faisons par le biais de cette d\u00e9claration de confidentialit\u00e9 ;<\/li>\n                <li>nous nous effor\u00e7ons de limiter notre collecte de donn\u00e9es personnelles aux seules donn\u00e9es personnelles n\u00e9cessaires \u00e0 des fins l\u00e9gitimes ;<\/li>\n                <li>nous demandons d'abord votre consentement explicite pour traiter vos donn\u00e9es \u00e0 caract\u00e8re personnel dans les cas qui requi\u00e8rent votre consentement ;<\/li>\n                <li>nous prenons des mesures de s\u00e9curit\u00e9 appropri\u00e9es pour prot\u00e9ger vos donn\u00e9es \u00e0 caract\u00e8re personnel et nous l'exigeons \u00e9galement des parties qui traitent des donn\u00e9es \u00e0 caract\u00e8re personnel en notre nom ;<\/li>\n                <li>nous respectons votre droit d'acc\u00e9der \u00e0 vos donn\u00e9es personnelles ou de les faire corriger ou supprimer, \u00e0 votre demande.<\/li>\n            <\/ul><p>Si vous avez des questions ou si vous voulez savoir exactement quelles donn\u00e9es nous conservons \u00e0 votre sujet, veuillez nous contacter.<\/p><\/p><h2>1. Finalit\u00e9, donn\u00e9es et dur\u00e9e de conservation<\/h2>Nous pouvons collecter ou recevoir des informations personnelles pour un certain nombre de raisons li\u00e9es \u00e0 nos activit\u00e9s commerciales, notamment les suivantes : (cliquez pour agrandir)<details class=\"cmplz-dropdown dropdown-privacy-statement\"><summary><div><h3>1.1 Bulletins d'information<\/h3><\/div><\/summary><p class=\"cmplz-subtitle\">\u00c0 cette fin, nous utilisons les donn\u00e9es suivantes :<\/p><p><ul><li>Un nom et un pr\u00e9nom<\/li><li>Une adresse \u00e9lectronique<\/li><\/ul><\/p><p class=\"cmplz-subtitle\">La base sur laquelle nous pouvons traiter ces donn\u00e9es est la suivante :<\/p><p><a target=\"_blank\" rel=\"noopener noreferrer nofollow\" href=\"https:\/\/cookiedatabase.org\/legal-bases\/#consent\">Apr\u00e8s avoir obtenu le consentement de l'int\u00e9ress\u00e9.<\/a><\/p><p class=\"cmplz-subtitle\">P\u00e9riode de conservation<\/p><p>Nous conservons ces donn\u00e9es jusqu'\u00e0 la fin du service.<\/p><\/details><details class=\"cmplz-dropdown dropdown-privacy-statement\"><summary><div><h3>1.2 Enregistrement d'un compte<\/h3><\/div><\/summary><p class=\"cmplz-subtitle\">\u00c0 cette fin, nous utilisons les donn\u00e9es suivantes :<\/p><p><ul><li>Un nom et un pr\u00e9nom<\/li><li>Nom du compte ou alias<\/li><li>Une adresse \u00e9lectronique<\/li><li>Un num\u00e9ro de t\u00e9l\u00e9phone<\/li><\/ul><\/p><p class=\"cmplz-subtitle\">La base sur laquelle nous pouvons traiter ces donn\u00e9es est la suivante :<\/p><p><a target=\"_blank\" rel=\"noopener noreferrer nofollow\" href=\"https:\/\/cookiedatabase.org\/legal-bases\/#consent\">Apr\u00e8s avoir obtenu le consentement de l'int\u00e9ress\u00e9.<\/a><\/p><p class=\"cmplz-subtitle\">P\u00e9riode de conservation<\/p><p>Nous conservons ces donn\u00e9es jusqu'\u00e0 la fin du service.<\/p><\/details><details class=\"cmplz-dropdown dropdown-privacy-statement\"><summary><div><h3>1.3 Paiements<\/h3><\/div><\/summary><p class=\"cmplz-subtitle\">\u00c0 cette fin, nous utilisons les donn\u00e9es suivantes :<\/p><p><ul><li>Un nom et un pr\u00e9nom<\/li><li>Une adresse \u00e9lectronique<\/li><li>Un num\u00e9ro de t\u00e9l\u00e9phone<\/li><li>Donn\u00e9es de g\u00e9olocalisation<\/li><li>Adresse IP<\/li><\/ul><\/p><p class=\"cmplz-subtitle\">La base sur laquelle nous pouvons traiter ces donn\u00e9es est la suivante :<\/p><p><a target=\"_blank\" rel=\"noopener noreferrer nofollow\" href=\"https:\/\/cookiedatabase.org\/legal-bases\/#consent\">Apr\u00e8s avoir obtenu le consentement de l'int\u00e9ress\u00e9.<\/a><\/p><p class=\"cmplz-subtitle\">P\u00e9riode de conservation<\/p><p>Nous conservons ces donn\u00e9es jusqu'\u00e0 la fin du service.<\/p><\/details><details class=\"cmplz-dropdown dropdown-privacy-statement\"><summary><div><h3>1.4 Contact - Par t\u00e9l\u00e9phone, courrier, courriel et\/ou formulaires web<\/h3><\/div><\/summary><p class=\"cmplz-subtitle\">\u00c0 cette fin, nous utilisons les donn\u00e9es suivantes :<\/p><p><ul><li>Un nom et un pr\u00e9nom<\/li><li>Une adresse \u00e9lectronique<\/li><li>Un num\u00e9ro de t\u00e9l\u00e9phone<\/li><li>Adresse IP<\/li><li>Donn\u00e9es de g\u00e9olocalisation<\/li><\/ul><\/p><p class=\"cmplz-subtitle\">La base sur laquelle nous pouvons traiter ces donn\u00e9es est la suivante :<\/p><p><a target=\"_blank\" rel=\"noopener noreferrer nofollow\" href=\"https:\/\/cookiedatabase.org\/legal-bases\/#consent\">Apr\u00e8s avoir obtenu le consentement de l'int\u00e9ress\u00e9.<\/a><\/p><p class=\"cmplz-subtitle\">P\u00e9riode de conservation<\/p><p>Nous conservons ces donn\u00e9es jusqu'\u00e0 la fin du service.<\/p><\/details><details class=\"cmplz-dropdown dropdown-privacy-statement\"><summary><div><h3>1.5 Compilation et analyse de statistiques pour l'am\u00e9lioration du site web.<\/h3><\/div><\/summary><p class=\"cmplz-subtitle\">\u00c0 cette fin, nous utilisons les donn\u00e9es suivantes :<\/p><p><ul><li>Adresse IP<\/li><li>Donn\u00e9es de g\u00e9olocalisation<\/li><\/ul><\/p><p class=\"cmplz-subtitle\">La base sur laquelle nous pouvons traiter ces donn\u00e9es est la suivante :<\/p><p><a target=\"_blank\" rel=\"noopener noreferrer nofollow\" href=\"https:\/\/cookiedatabase.org\/legal-bases\/#consent\">Apr\u00e8s avoir obtenu le consentement de l'int\u00e9ress\u00e9.<\/a><\/p><p class=\"cmplz-subtitle\">P\u00e9riode de conservation<\/p><p>Nous conservons ces donn\u00e9es jusqu'\u00e0 la fin du service.<\/p><\/details><h2>2. Partage avec d'autres parties<\/h2><p>Nous ne partageons ou ne divulguons ces donn\u00e9es \u00e0 des sous-traitants qu'aux fins suivantes :<\/p><h2>3. Cookies<\/h2><p>Notre site web utilise des cookies. Pour plus d'informations sur les cookies, veuillez vous r\u00e9f\u00e9rer \u00e0 notre site web. <a href=\"https:\/\/krabisunsetcruises.com\/fr\/cookie-policy-eu\/\">Politique en mati\u00e8re de cookies<\/a>.&nbsp;<\/p><h2>4. Pratiques en mati\u00e8re de divulgation<\/h2><p><p>Nous divulguons des informations personnelles si nous sommes tenus par la loi ou par une d\u00e9cision de justice, en r\u00e9ponse \u00e0 un organisme charg\u00e9 de l'application de la loi, dans la mesure permise par d'autres dispositions l\u00e9gales, pour fournir des informations ou pour une enqu\u00eate sur une question li\u00e9e \u00e0 la s\u00e9curit\u00e9 publique.<\/p><p>Si notre site web ou notre organisation est rachet\u00e9, vendu ou impliqu\u00e9 dans une fusion ou une acquisition, vos donn\u00e9es peuvent \u00eatre divulgu\u00e9es \u00e0 nos conseillers et \u00e0 tout acheteur potentiel et seront transmises aux nouveaux propri\u00e9taires.<\/p><\/p><p>Nous avons conclu un accord de traitement des donn\u00e9es avec Google.<\/p><p>Google ne peut pas utiliser les donn\u00e9es pour d'autres services Google.<\/p><p>Nous bloquons l'inclusion des adresses IP compl\u00e8tes.<\/p><h2>5. S\u00e9curit\u00e9<\/h2><p>Nous nous engageons \u00e0 assurer la s\u00e9curit\u00e9 des donn\u00e9es \u00e0 caract\u00e8re personnel. Nous prenons des mesures de s\u00e9curit\u00e9 appropri\u00e9es pour limiter les abus et l'acc\u00e8s non autoris\u00e9 aux donn\u00e9es \u00e0 caract\u00e8re personnel. Ces mesures garantissent que seules les personnes n\u00e9cessaires ont acc\u00e8s \u00e0 vos donn\u00e9es, que l'acc\u00e8s aux donn\u00e9es est prot\u00e9g\u00e9 et que nos mesures de s\u00e9curit\u00e9 sont r\u00e9guli\u00e8rement r\u00e9vis\u00e9es.<\/p><h2>6. Sites web de tiers<\/h2><p>La pr\u00e9sente d\u00e9claration de confidentialit\u00e9 ne s'applique pas aux sites web de tiers reli\u00e9s par des liens sur notre site web. Nous ne pouvons pas garantir que ces tiers traitent vos donn\u00e9es personnelles de mani\u00e8re fiable ou s\u00e9curis\u00e9e. Nous vous recommandons de lire les d\u00e9clarations de confidentialit\u00e9 de ces sites web avant de les utiliser.<\/p><h2>7. Modifications de la pr\u00e9sente d\u00e9claration de confidentialit\u00e9<\/h2><p>Nous nous r\u00e9servons le droit de modifier la pr\u00e9sente d\u00e9claration de confidentialit\u00e9. Il est recommand\u00e9 de consulter r\u00e9guli\u00e8rement la pr\u00e9sente d\u00e9claration de confidentialit\u00e9 afin de prendre connaissance de toute modification. En outre, nous vous informerons activement dans la mesure du possible.<\/p><h2>8. Acc\u00e8s et modification de vos donn\u00e9es<\/h2><p>Si vous avez des questions ou si vous souhaitez savoir quelles sont les donn\u00e9es \u00e0 caract\u00e8re personnel que nous d\u00e9tenons \u00e0 votre sujet, veuillez nous contacter. Vous pouvez nous contacter en utilisant les informations ci-dessous. Vous disposez des droits suivants :<\/p><ul>\n                <li>Vous avez le droit de savoir pourquoi vos donn\u00e9es personnelles sont n\u00e9cessaires, ce qu'il en adviendra et pendant combien de temps elles seront conserv\u00e9es.<\/li>\n                <li>Droit d'acc\u00e8s : Vous avez le droit d'acc\u00e9der \u00e0 vos donn\u00e9es personnelles dont nous avons connaissance.<\/li>\n                <li>Droit de rectification : vous avez le droit de compl\u00e9ter, de corriger, de faire supprimer ou de bloquer vos donn\u00e9es personnelles quand vous le souhaitez.<\/li>\n                <li>Si vous nous donnez votre consentement pour traiter vos donn\u00e9es, vous avez le droit de r\u00e9voquer ce consentement et de faire effacer vos donn\u00e9es personnelles.<\/li>\n                <li>Droit de transf\u00e9rer vos donn\u00e9es : vous avez le droit de demander au responsable du traitement l'ensemble de vos donn\u00e9es \u00e0 caract\u00e8re personnel et de les transf\u00e9rer dans leur int\u00e9gralit\u00e9 \u00e0 un autre responsable du traitement.<\/li>\n                <li>Droit d'opposition : vous pouvez vous opposer au traitement de vos donn\u00e9es. Nous nous y conformons, \u00e0 moins qu'il n'existe des motifs justifi\u00e9s pour le traitement.<\/li>\n            <\/ul><p>Veillez \u00e0 toujours indiquer clairement qui vous \u00eates, afin que nous puissions \u00eatre s\u00fbrs de ne pas modifier ou supprimer les donn\u00e9es de la mauvaise personne.<\/p><h2>9. D\u00e9p\u00f4t d'une plainte<\/h2><p>Si vous n'\u00eates pas satisfait de la mani\u00e8re dont nous traitons (une plainte concernant) le traitement de vos donn\u00e9es personnelles, vous avez le droit de d\u00e9poser une plainte aupr\u00e8s de l'Autorit\u00e9 de protection des donn\u00e9es.<\/p><h2>10. Coordonn\u00e9es de la personne \u00e0 contacter<\/h2><p>Croisi\u00e8res au coucher du soleil \u00e0 Krabi<br \/>\n        282\/19 5, T, Soi Krabi 11, Sai Thai, Mueang Krabi District, Krabi 81000<br \/>\n        Tha\u00eflande<br \/>\n        Site web : <a href=\"https:\/\/krabisunsetcruises.com\/fr\">https:\/\/krabisunsetcruises.com\/fr<\/a> <br \/>\n        Courriel : <span class=\"cmplz-obfuscate\">&#115;&#117;&#112;&#112;or&#116;@<span class=\"cmplz-fmail-domain\">&#101;&#120;.&#099;&#111;&#109;<\/span>k&#114;abisun&#115;et&#099;&#114;&#117;&#105;&#115;&#101;s.&#099;om<\/span> <br \/>\n        Num\u00e9ro de t\u00e9l\u00e9phone : +66 89 719 7344<\/p><\/div>","protected":false},"excerpt":{"rendered":"","protected":false},"author":49,"featured_media":0,"parent":0,"menu_order":0,"comment_status":"closed","ping_status":"closed","template":"","meta":{"footnotes":""},"class_list":["post-19790","page","type-page","status-publish","hentry"],"yoast_head":"<!-- This site is optimized with the Yoast SEO Premium plugin v27.2 (Yoast SEO v27.2) - https:\/\/yoast.com\/product\/yoast-seo-premium-wordpress\/ -->\n<title>Privacy Statement (EU) | Krabi Sunset Cruises<\/title>\n<meta name=\"robots\" content=\"index, follow, max-snippet:-1, max-image-preview:large, max-video-preview:-1\" \/>\n<link rel=\"canonical\" href=\"https:\/\/krabisunsetcruises.com\/fr\/declaration-de-confidentialite-de-lue\/\" \/>\n<meta property=\"og:locale\" content=\"fr_FR\" \/>\n<meta property=\"og:type\" content=\"article\" \/>\n<meta property=\"og:title\" content=\"Privacy Statement (EU)\" \/>\n<meta property=\"og:url\" content=\"https:\/\/krabisunsetcruises.com\/fr\/declaration-de-confidentialite-de-lue\/\" \/>\n<meta property=\"og:site_name\" content=\"Krabi Sunset Cruises\" \/>\n<meta property=\"article:publisher\" content=\"https:\/\/www.facebook.com\/KrabiSunsetCruises\" \/>\n<meta property=\"og:image\" content=\"https:\/\/krabisunsetcruises.com\/wp-content\/uploads\/2023\/09\/big-boat-sunset-tour-in-krabi-thailand.jpg\" \/>\n\t<meta property=\"og:image:width\" content=\"2000\" \/>\n\t<meta property=\"og:image:height\" content=\"1500\" \/>\n\t<meta property=\"og:image:type\" content=\"image\/jpeg\" \/>\n<meta name=\"twitter:card\" content=\"summary_large_image\" \/>\n<script type=\"application\/ld+json\" class=\"yoast-schema-graph\">{\"@context\":\"https:\/\/schema.org\",\"@graph\":[{\"@type\":\"WebPage\",\"@id\":\"https:\/\/krabisunsetcruises.com\/privacy-statement-eu\/\",\"url\":\"https:\/\/krabisunsetcruises.com\/privacy-statement-eu\/\",\"name\":\"Privacy Statement (EU) | Krabi Sunset Cruises\",\"isPartOf\":{\"@id\":\"https:\/\/krabisunsetcruises.com\/#website\"},\"datePublished\":\"2024-09-27T19:01:11+00:00\",\"breadcrumb\":{\"@id\":\"https:\/\/krabisunsetcruises.com\/privacy-statement-eu\/#breadcrumb\"},\"inLanguage\":\"fr-FR\",\"potentialAction\":[{\"@type\":\"ReadAction\",\"target\":[\"https:\/\/krabisunsetcruises.com\/privacy-statement-eu\/\"]}]},{\"@type\":\"BreadcrumbList\",\"@id\":\"https:\/\/krabisunsetcruises.com\/privacy-statement-eu\/#breadcrumb\",\"itemListElement\":[{\"@type\":\"ListItem\",\"position\":1,\"name\":\"Home\",\"item\":\"https:\/\/krabisunsetcruises.com\/\"},{\"@type\":\"ListItem\",\"position\":2,\"name\":\"Privacy Statement (EU)\"}]},{\"@type\":\"WebSite\",\"@id\":\"https:\/\/krabisunsetcruises.com\/#website\",\"url\":\"https:\/\/krabisunsetcruises.com\/\",\"name\":\"Krabi Sunset Cruises\",\"description\":\"Boat Tour Adventures in Krabi\",\"publisher\":{\"@id\":\"https:\/\/krabisunsetcruises.com\/#organization\"},\"potentialAction\":[{\"@type\":\"SearchAction\",\"target\":{\"@type\":\"EntryPoint\",\"urlTemplate\":\"https:\/\/krabisunsetcruises.com\/?s={search_term_string}\"},\"query-input\":{\"@type\":\"PropertyValueSpecification\",\"valueRequired\":true,\"valueName\":\"search_term_string\"}}],\"inLanguage\":\"fr-FR\"},{\"@type\":\"Organization\",\"@id\":\"https:\/\/krabisunsetcruises.com\/#organization\",\"name\":\"Krabi Sunset Cruises\",\"url\":\"https:\/\/krabisunsetcruises.com\/\",\"logo\":{\"@type\":\"ImageObject\",\"inLanguage\":\"fr-FR\",\"@id\":\"https:\/\/krabisunsetcruises.com\/#\/schema\/logo\/image\/\",\"url\":\"https:\/\/krabisunsetcruises.com\/wp-content\/uploads\/2022\/03\/KSC_Logo_Blk.png\",\"contentUrl\":\"https:\/\/krabisunsetcruises.com\/wp-content\/uploads\/2022\/03\/KSC_Logo_Blk.png\",\"width\":1079,\"height\":1080,\"caption\":\"Krabi Sunset Cruises\"},\"image\":{\"@id\":\"https:\/\/krabisunsetcruises.com\/#\/schema\/logo\/image\/\"},\"sameAs\":[\"https:\/\/www.facebook.com\/KrabiSunsetCruises\",\"https:\/\/www.instagram.com\/krabisunsetcruises\/\"]}]}<\/script>\n<!-- \/ Yoast SEO Premium plugin. -->","yoast_head_json":{"title":"D\u00e9claration de confidentialit\u00e9 (UE) | Krabi Sunset Cruises","robots":{"index":"index","follow":"follow","max-snippet":"max-snippet:-1","max-image-preview":"max-image-preview:large","max-video-preview":"max-video-preview:-1"},"canonical":"https:\/\/krabisunsetcruises.com\/fr\/declaration-de-confidentialite-de-lue\/","og_locale":"fr_FR","og_type":"article","og_title":"Privacy Statement (EU)","og_url":"https:\/\/krabisunsetcruises.com\/fr\/declaration-de-confidentialite-de-lue\/","og_site_name":"Krabi Sunset Cruises","article_publisher":"https:\/\/www.facebook.com\/KrabiSunsetCruises","og_image":[{"width":2000,"height":1500,"url":"https:\/\/krabisunsetcruises.com\/wp-content\/uploads\/2023\/09\/big-boat-sunset-tour-in-krabi-thailand.jpg","type":"image\/jpeg"}],"twitter_card":"summary_large_image","schema":{"@context":"https:\/\/schema.org","@graph":[{"@type":"WebPage","@id":"https:\/\/krabisunsetcruises.com\/privacy-statement-eu\/","url":"https:\/\/krabisunsetcruises.com\/privacy-statement-eu\/","name":"D\u00e9claration de confidentialit\u00e9 (UE) | Krabi Sunset Cruises","isPartOf":{"@id":"https:\/\/krabisunsetcruises.com\/#website"},"datePublished":"2024-09-27T19:01:11+00:00","breadcrumb":{"@id":"https:\/\/krabisunsetcruises.com\/privacy-statement-eu\/#breadcrumb"},"inLanguage":"fr-FR","potentialAction":[{"@type":"ReadAction","target":["https:\/\/krabisunsetcruises.com\/privacy-statement-eu\/"]}]},{"@type":"BreadcrumbList","@id":"https:\/\/krabisunsetcruises.com\/privacy-statement-eu\/#breadcrumb","itemListElement":[{"@type":"ListItem","position":1,"name":"Home","item":"https:\/\/krabisunsetcruises.com\/"},{"@type":"ListItem","position":2,"name":"Privacy Statement (EU)"}]},{"@type":"WebSite","@id":"https:\/\/krabisunsetcruises.com\/#website","url":"https:\/\/krabisunsetcruises.com\/","name":"Croisi\u00e8res au coucher du soleil \u00e0 Krabi","description":"Aventures en bateau \u00e0 Krabi","publisher":{"@id":"https:\/\/krabisunsetcruises.com\/#organization"},"potentialAction":[{"@type":"SearchAction","target":{"@type":"EntryPoint","urlTemplate":"https:\/\/krabisunsetcruises.com\/?s={search_term_string}"},"query-input":{"@type":"PropertyValueSpecification","valueRequired":true,"valueName":"search_term_string"}}],"inLanguage":"fr-FR"},{"@type":"Organization","@id":"https:\/\/krabisunsetcruises.com\/#organization","name":"Croisi\u00e8res au coucher du soleil \u00e0 Krabi","url":"https:\/\/krabisunsetcruises.com\/","logo":{"@type":"ImageObject","inLanguage":"fr-FR","@id":"https:\/\/krabisunsetcruises.com\/#\/schema\/logo\/image\/","url":"https:\/\/krabisunsetcruises.com\/wp-content\/uploads\/2022\/03\/KSC_Logo_Blk.png","contentUrl":"https:\/\/krabisunsetcruises.com\/wp-content\/uploads\/2022\/03\/KSC_Logo_Blk.png","width":1079,"height":1080,"caption":"Krabi Sunset Cruises"},"image":{"@id":"https:\/\/krabisunsetcruises.com\/#\/schema\/logo\/image\/"},"sameAs":["https:\/\/www.facebook.com\/KrabiSunsetCruises","https:\/\/www.instagram.com\/krabisunsetcruises\/"]}]}},"_links":{"self":[{"href":"https:\/\/krabisunsetcruises.com\/fr\/wp-json\/wp\/v2\/pages\/19790","targetHints":{"allow":["GET"]}}],"collection":[{"href":"https:\/\/krabisunsetcruises.com\/fr\/wp-json\/wp\/v2\/pages"}],"about":[{"href":"https:\/\/krabisunsetcruises.com\/fr\/wp-json\/wp\/v2\/types\/page"}],"author":[{"embeddable":true,"href":"https:\/\/krabisunsetcruises.com\/fr\/wp-json\/wp\/v2\/users\/49"}],"replies":[{"embeddable":true,"href":"https:\/\/krabisunsetcruises.com\/fr\/wp-json\/wp\/v2\/comments?post=19790"}],"version-history":[{"count":0,"href":"https:\/\/krabisunsetcruises.com\/fr\/wp-json\/wp\/v2\/pages\/19790\/revisions"}],"wp:attachment":[{"href":"https:\/\/krabisunsetcruises.com\/fr\/wp-json\/wp\/v2\/media?parent=19790"}],"curies":[{"name":"wp","href":"https:\/\/api.w.org\/{rel}","templated":true}]}}