{"id":19798,"date":"2024-09-27T19:01:13","date_gmt":"2024-09-27T19:01:13","guid":{"rendered":"https:\/\/krabisunsetcruises.com\/privacy-statement-au\/"},"modified":"2024-09-27T19:01:13","modified_gmt":"2024-09-27T19:01:13","slug":"declaration-de-confidentialite-au","status":"publish","type":"page","link":"https:\/\/krabisunsetcruises.com\/fr\/privacy-statement-au\/","title":{"rendered":"D\u00e9claration de confidentialit\u00e9 (AU)"},"content":{"rendered":"<!-- Legal document generated by Complianz | GDPR\/CCPA Cookie Consent https:\/\/wordpress.org\/plugins\/complianz-gdpr -->\n<div id=\"cmplz-document\" class=\"cmplz-document privacy-statement cmplz-document-au\"><p><i>Cette d\u00e9claration de confidentialit\u00e9 a \u00e9t\u00e9 modifi\u00e9e pour la derni\u00e8re fois le 27 septembre 2024, v\u00e9rifi\u00e9e pour la derni\u00e8re fois le 27 septembre 2024, et s'applique aux citoyens australiens.<\/i><br \/><br \/><\/p><p>Dans cette d\u00e9claration de confidentialit\u00e9, nous expliquons ce que nous faisons des donn\u00e9es que nous obtenons \u00e0 votre sujet par l'interm\u00e9diaire de <a href=\"https:\/\/krabisunsetcruises.com\/fr\">https:\/\/krabisunsetcruises.com\/fr<\/a>. Nous vous recommandons de lire attentivement cette d\u00e9claration. Dans le cadre de notre traitement, nous respectons les exigences de la l\u00e9gislation relative \u00e0 la protection de la vie priv\u00e9e. Cela signifie, entre autres, que :<ul>\n                <li>nous indiquons clairement les raisons pour lesquelles nous traitons les donn\u00e9es \u00e0 caract\u00e8re personnel. Nous le faisons par le biais de cette d\u00e9claration de confidentialit\u00e9 ;<\/li>\n                <li>nous nous effor\u00e7ons de limiter notre collecte de donn\u00e9es personnelles aux seules donn\u00e9es personnelles n\u00e9cessaires \u00e0 des fins l\u00e9gitimes ;<\/li>\n                <li>nous demandons d'abord votre consentement explicite pour traiter vos donn\u00e9es \u00e0 caract\u00e8re personnel dans les cas qui requi\u00e8rent votre consentement ;<\/li>\n                <li>nous prenons des mesures de s\u00e9curit\u00e9 appropri\u00e9es pour prot\u00e9ger vos donn\u00e9es \u00e0 caract\u00e8re personnel et nous l'exigeons \u00e9galement des parties qui traitent des donn\u00e9es \u00e0 caract\u00e8re personnel en notre nom ;<\/li>\n                <li>nous respectons votre droit d'acc\u00e9der \u00e0 vos donn\u00e9es personnelles ou de les faire corriger ou supprimer, \u00e0 votre demande.<\/li>\n            <\/ul><\/p>Si vous avez des questions ou si vous voulez savoir exactement quelles donn\u00e9es nous conservons \u00e0 votre sujet, veuillez nous contacter.<h2>1. Finalit\u00e9 et cat\u00e9gories de donn\u00e9es<\/h2><p>Nous pouvons collecter ou recevoir des informations personnelles pour un certain nombre de raisons li\u00e9es \u00e0 nos activit\u00e9s commerciales, notamment les suivantes : (cliquez pour agrandir)<\/b><\/p><details class=\"cmplz-dropdown dropdown-privacy-statement\"><summary><div><h3>1.1 Bulletins d'information<\/h3><\/div><\/summary><p class=\"cmplz-subtitle\">Les cat\u00e9gories de donn\u00e9es suivantes sont collect\u00e9es<\/p><p><ul><li>Un nom et un pr\u00e9nom<\/li><li>Une adresse \u00e9lectronique<\/li><\/ul><\/p><p class=\"cmplz-subtitle\">P\u00e9riode de conservation<\/p><p>Nous conservons ces donn\u00e9es jusqu'\u00e0 la fin du service.<\/p><\/details><details class=\"cmplz-dropdown dropdown-privacy-statement\"><summary><div><h3>1.2 Enregistrement d'un compte<\/h3><\/div><\/summary><p class=\"cmplz-subtitle\">Les cat\u00e9gories de donn\u00e9es suivantes sont collect\u00e9es<\/p><p><ul><li>Un nom et un pr\u00e9nom<\/li><li>Nom du compte ou alias<\/li><li>Une adresse \u00e9lectronique<\/li><li>Un num\u00e9ro de t\u00e9l\u00e9phone<\/li><\/ul><\/p><p class=\"cmplz-subtitle\">P\u00e9riode de conservation<\/p><p>Nous conservons ces donn\u00e9es jusqu'\u00e0 la fin du service.<\/p><\/details><details class=\"cmplz-dropdown dropdown-privacy-statement\"><summary><div><h3>1.3 Paiements<\/h3><\/div><\/summary><p class=\"cmplz-subtitle\">Les cat\u00e9gories de donn\u00e9es suivantes sont collect\u00e9es<\/p><p><ul><li>Un nom et un pr\u00e9nom<\/li><li>Une adresse \u00e9lectronique<\/li><li>Un num\u00e9ro de t\u00e9l\u00e9phone<\/li><li>Donn\u00e9es de g\u00e9olocalisation<\/li><li>Adresse IP<\/li><\/ul><\/p><p class=\"cmplz-subtitle\">P\u00e9riode de conservation<\/p><p>Nous conservons ces donn\u00e9es jusqu'\u00e0 la fin du service.<\/p><\/details><details class=\"cmplz-dropdown dropdown-privacy-statement\"><summary><div><h3>1.4 Contact - Par t\u00e9l\u00e9phone, courrier, courriel et\/ou formulaires web<\/h3><\/div><\/summary><p class=\"cmplz-subtitle\">Les cat\u00e9gories de donn\u00e9es suivantes sont collect\u00e9es<\/p><p><ul><li>Un nom et un pr\u00e9nom<\/li><li>Une adresse \u00e9lectronique<\/li><li>Un num\u00e9ro de t\u00e9l\u00e9phone<\/li><li>Adresse IP<\/li><li>Donn\u00e9es de g\u00e9olocalisation<\/li><\/ul><\/p><p class=\"cmplz-subtitle\">P\u00e9riode de conservation<\/p><p>Nous conservons ces donn\u00e9es jusqu'\u00e0 la fin du service.<\/p><\/details><details class=\"cmplz-dropdown dropdown-privacy-statement\"><summary><div><h3>1.5 Compilation et analyse de statistiques pour l'am\u00e9lioration du site web.<\/h3><\/div><\/summary><p class=\"cmplz-subtitle\">Les cat\u00e9gories de donn\u00e9es suivantes sont collect\u00e9es<\/p><p><ul><li>Adresse IP<\/li><li>Donn\u00e9es de g\u00e9olocalisation<\/li><\/ul><\/p><p class=\"cmplz-subtitle\">P\u00e9riode de conservation<\/p><p>Nous conservons ces donn\u00e9es jusqu'\u00e0 la fin du service.<\/p><\/details><h2>2. Partage avec d'autres parties<\/h2><p>Nous ne partageons ou ne divulguons ces donn\u00e9es \u00e0 d'autres destinataires qu'aux fins suivantes :<\/p><h2>3. Pratiques en mati\u00e8re de divulgation<\/h2><p><p>Nous divulguons des informations personnelles si nous sommes tenus par la loi ou par une d\u00e9cision de justice, en r\u00e9ponse \u00e0 un organisme charg\u00e9 de l'application de la loi, dans la mesure permise par d'autres dispositions l\u00e9gales, pour fournir des informations ou pour une enqu\u00eate sur une question li\u00e9e \u00e0 la s\u00e9curit\u00e9 publique.<\/p><p>Si notre site web ou notre organisation est rachet\u00e9, vendu ou impliqu\u00e9 dans une fusion ou une acquisition, vos donn\u00e9es peuvent \u00eatre divulgu\u00e9es \u00e0 nos conseillers et \u00e0 tout acheteur potentiel et seront transmises aux nouveaux propri\u00e9taires.<\/p><\/p><h2>4. Que se passe-t-il si vous ne nous fournissez pas vos donn\u00e9es personnelles ?<\/h2><p>Si vous ne nous fournissez pas vos informations personnelles, nous pourrions ne pas \u00eatre en mesure de vous fournir les informations, les produits ou l'assistance que vous recherchez.<\/p><h2>5. Comment nous r\u00e9pondons aux signaux \"Do Not Track\" et au contr\u00f4le mondial de la protection de la vie priv\u00e9e <\/h2><p>Notre site web ne r\u00e9pond pas et ne prend pas en charge le champ de demande de l'en-t\u00eate Do Not Track (DNT).<\/p><h2>6. Cookies<\/h2><p>Notre site web utilise des cookies. Pour plus d'informations sur les cookies, veuillez consulter notre politique en mati\u00e8re de cookies sur notre site Web. <a href=\"https:\/\/krabisunsetcruises.com\/fr\/cookie-policy-au\/\">Politique en mati\u00e8re de cookies (AU)<\/a> page web.&nbsp;<\/p><p>Nous avons conclu un accord de traitement des donn\u00e9es avec Google.<\/p><p>Google ne peut pas utiliser les donn\u00e9es pour d'autres services Google.<\/p><p>Nous bloquons l'inclusion des adresses IP compl\u00e8tes.<\/p><h2>7. S\u00e9curit\u00e9<\/h2><p>Nous nous engageons \u00e0 assurer la s\u00e9curit\u00e9 des donn\u00e9es \u00e0 caract\u00e8re personnel. Nous prenons des mesures de s\u00e9curit\u00e9 appropri\u00e9es pour limiter les abus et l'acc\u00e8s non autoris\u00e9 aux donn\u00e9es \u00e0 caract\u00e8re personnel. Ces mesures garantissent que seules les personnes n\u00e9cessaires ont acc\u00e8s \u00e0 vos donn\u00e9es, que l'acc\u00e8s aux donn\u00e9es est prot\u00e9g\u00e9 et que nos mesures de s\u00e9curit\u00e9 sont r\u00e9guli\u00e8rement r\u00e9vis\u00e9es.<\/p><h2>8. Sites web de tiers<\/h2><p>La pr\u00e9sente d\u00e9claration de confidentialit\u00e9 ne s'applique pas aux sites web de tiers reli\u00e9s par des liens sur notre site web. Nous ne pouvons pas garantir que ces tiers traitent vos donn\u00e9es personnelles de mani\u00e8re fiable ou s\u00e9curis\u00e9e. Nous vous recommandons de lire les d\u00e9clarations de confidentialit\u00e9 de ces sites web avant de les utiliser.<\/p><h2>9. Modifications de la pr\u00e9sente d\u00e9claration de confidentialit\u00e9<\/h2><p>Nous nous r\u00e9servons le droit de modifier la pr\u00e9sente d\u00e9claration de confidentialit\u00e9. Il est recommand\u00e9 de consulter r\u00e9guli\u00e8rement la pr\u00e9sente d\u00e9claration de confidentialit\u00e9 afin de prendre connaissance de toute modification. En outre, nous vous informerons activement dans la mesure du possible.<\/p><h2>10. Acc\u00e9der \u00e0 vos donn\u00e9es et les modifier<\/h2><p>Si vous avez des questions ou si vous souhaitez savoir quelles sont les donn\u00e9es personnelles que nous poss\u00e9dons \u00e0 votre sujet, n'h\u00e9sitez pas \u00e0 nous contacter. Veillez \u00e0 toujours indiquer clairement qui vous \u00eates, afin que nous puissions \u00eatre s\u00fbrs de ne pas modifier ou supprimer les donn\u00e9es de la mauvaise personne. Nous ne fournirons les informations demand\u00e9es qu'\u00e0 la r\u00e9ception d'une demande v\u00e9rifiable du consommateur. Vous pouvez nous contacter en utilisant les informations ci-dessous. Vous disposez des droits suivants :<\/p><p class=\"cmplz-subtitle\">10.1 Vous disposez des droits suivants en ce qui concerne vos donn\u00e9es \u00e0 caract\u00e8re personnel<\/p><ol class=\"alphabetic\">\n                        <li>Vous pouvez introduire une demande d'acc\u00e8s aux donn\u00e9es que nous traitons \u00e0 votre sujet.<\/li>\n                        <li>Vous pouvez demander un aper\u00e7u, dans un format couramment utilis\u00e9, des donn\u00e9es que nous traitons \u00e0 votre sujet.<\/li>\n                        <li>Vous pouvez demander la correction ou la suppression des donn\u00e9es si elles sont incorrectes ou si elles ne sont pas ou plus pertinentes pour une finalit\u00e9 quelconque en vertu de la loi sur la protection de la vie priv\u00e9e.<\/li>\n                      <\/ol>\n                      <h2>11. Les enfants<\/h2><p>Notre site web n'est pas con\u00e7u pour attirer les enfants et nous n'avons pas l'intention de collecter des donn\u00e9es personnelles aupr\u00e8s d'enfants n'ayant pas atteint l'\u00e2ge du consentement dans leur pays de r\u00e9sidence. Nous demandons donc aux enfants n'ayant pas atteint l'\u00e2ge de consentement de ne pas nous soumettre de donn\u00e9es personnelles.<\/p><h2>12. Coordonn\u00e9es de la personne \u00e0 contacter<\/h2><p>Croisi\u00e8res au coucher du soleil \u00e0 Krabi<br \/>\n        282\/19 5, T, Soi Krabi 11, Sai Thai, Mueang Krabi District, Krabi 81000<br \/>\n        Tha\u00eflande<br \/>\n        Site web : <a href=\"https:\/\/krabisunsetcruises.com\/fr\">https:\/\/krabisunsetcruises.com\/fr<\/a> <br \/>\n        Courriel : <span class=\"cmplz-obfuscate\">su&#112;&#112;ort@<span class=\"cmplz-fmail-domain\">&#101;x&#046;c&#111;&#109;<\/span>&#107;r&#097;bi&#115;&#117;ns&#101;&#116;&#099;r&#117;&#105;s&#101;&#115;.co&#109;<\/span> <br \/>\n        <br \/>\n        Num\u00e9ro de t\u00e9l\u00e9phone : +66 89 719 7344<\/p><p>Nous avons d\u00e9sign\u00e9 une personne de contact pour les politiques et les pratiques de l'organisation et \u00e0 laquelle les plaintes ou les demandes de renseignements peuvent \u00eatre adress\u00e9es :<br \/>Carolyn Lakos<br \/>282\/19 5, T, Soi Krabi 11, Sai Thai, Mueang Krabi District, Krabi 81000, Thailand<\/p><\/div>","protected":false},"excerpt":{"rendered":"","protected":false},"author":49,"featured_media":0,"parent":0,"menu_order":0,"comment_status":"closed","ping_status":"closed","template":"","meta":{"footnotes":""},"class_list":["post-19798","page","type-page","status-publish","hentry"],"yoast_head":"<!-- This site is optimized with the Yoast SEO Premium plugin v27.3 (Yoast SEO v27.3) - https:\/\/yoast.com\/product\/yoast-seo-premium-wordpress\/ -->\n<title>Privacy Statement (AU) | Krabi Sunset Cruises<\/title>\n<meta name=\"robots\" content=\"index, follow, max-snippet:-1, max-image-preview:large, max-video-preview:-1\" \/>\n<link rel=\"canonical\" href=\"https:\/\/krabisunsetcruises.com\/fr\/declaration-de-confidentialite-au\/\" \/>\n<meta property=\"og:locale\" content=\"fr_FR\" \/>\n<meta property=\"og:type\" content=\"article\" \/>\n<meta property=\"og:title\" content=\"Privacy Statement (AU)\" \/>\n<meta property=\"og:url\" content=\"https:\/\/krabisunsetcruises.com\/fr\/declaration-de-confidentialite-au\/\" \/>\n<meta property=\"og:site_name\" content=\"Krabi Sunset Cruises\" \/>\n<meta property=\"article:publisher\" content=\"https:\/\/www.facebook.com\/KrabiSunsetCruises\" \/>\n<meta property=\"og:image\" content=\"https:\/\/krabisunsetcruises.com\/wp-content\/uploads\/2023\/09\/big-boat-sunset-tour-in-krabi-thailand.jpg\" \/>\n\t<meta property=\"og:image:width\" content=\"2000\" \/>\n\t<meta property=\"og:image:height\" content=\"1500\" \/>\n\t<meta property=\"og:image:type\" content=\"image\/jpeg\" \/>\n<meta name=\"twitter:card\" content=\"summary_large_image\" \/>\n<script type=\"application\/ld+json\" class=\"yoast-schema-graph\">{\"@context\":\"https:\\\/\\\/schema.org\",\"@graph\":[{\"@type\":\"WebPage\",\"@id\":\"https:\\\/\\\/krabisunsetcruises.com\\\/privacy-statement-au\\\/\",\"url\":\"https:\\\/\\\/krabisunsetcruises.com\\\/privacy-statement-au\\\/\",\"name\":\"Privacy Statement (AU) | Krabi Sunset Cruises\",\"isPartOf\":{\"@id\":\"https:\\\/\\\/krabisunsetcruises.com\\\/#website\"},\"datePublished\":\"2024-09-27T19:01:13+00:00\",\"breadcrumb\":{\"@id\":\"https:\\\/\\\/krabisunsetcruises.com\\\/privacy-statement-au\\\/#breadcrumb\"},\"inLanguage\":\"fr-FR\",\"potentialAction\":[{\"@type\":\"ReadAction\",\"target\":[\"https:\\\/\\\/krabisunsetcruises.com\\\/privacy-statement-au\\\/\"]}]},{\"@type\":\"BreadcrumbList\",\"@id\":\"https:\\\/\\\/krabisunsetcruises.com\\\/privacy-statement-au\\\/#breadcrumb\",\"itemListElement\":[{\"@type\":\"ListItem\",\"position\":1,\"name\":\"Home\",\"item\":\"https:\\\/\\\/krabisunsetcruises.com\\\/\"},{\"@type\":\"ListItem\",\"position\":2,\"name\":\"Privacy Statement (AU)\"}]},{\"@type\":\"WebSite\",\"@id\":\"https:\\\/\\\/krabisunsetcruises.com\\\/#website\",\"url\":\"https:\\\/\\\/krabisunsetcruises.com\\\/\",\"name\":\"Krabi Sunset Cruises\",\"description\":\"Boat Tour Adventures in Krabi\",\"publisher\":{\"@id\":\"https:\\\/\\\/krabisunsetcruises.com\\\/#organization\"},\"potentialAction\":[{\"@type\":\"SearchAction\",\"target\":{\"@type\":\"EntryPoint\",\"urlTemplate\":\"https:\\\/\\\/krabisunsetcruises.com\\\/?s={search_term_string}\"},\"query-input\":{\"@type\":\"PropertyValueSpecification\",\"valueRequired\":true,\"valueName\":\"search_term_string\"}}],\"inLanguage\":\"fr-FR\"},{\"@type\":\"Organization\",\"@id\":\"https:\\\/\\\/krabisunsetcruises.com\\\/#organization\",\"name\":\"Krabi Sunset Cruises\",\"url\":\"https:\\\/\\\/krabisunsetcruises.com\\\/\",\"logo\":{\"@type\":\"ImageObject\",\"inLanguage\":\"fr-FR\",\"@id\":\"https:\\\/\\\/krabisunsetcruises.com\\\/#\\\/schema\\\/logo\\\/image\\\/\",\"url\":\"https:\\\/\\\/krabisunsetcruises.com\\\/wp-content\\\/uploads\\\/2022\\\/03\\\/KSC_Logo_Blk.png\",\"contentUrl\":\"https:\\\/\\\/krabisunsetcruises.com\\\/wp-content\\\/uploads\\\/2022\\\/03\\\/KSC_Logo_Blk.png\",\"width\":1079,\"height\":1080,\"caption\":\"Krabi Sunset Cruises\"},\"image\":{\"@id\":\"https:\\\/\\\/krabisunsetcruises.com\\\/#\\\/schema\\\/logo\\\/image\\\/\"},\"sameAs\":[\"https:\\\/\\\/www.facebook.com\\\/KrabiSunsetCruises\",\"https:\\\/\\\/www.instagram.com\\\/krabisunsetcruises\\\/\"]}]}<\/script>\n<!-- \/ Yoast SEO Premium plugin. -->","yoast_head_json":{"title":"D\u00e9claration de confidentialit\u00e9 (AU) | Krabi Sunset Cruises","robots":{"index":"index","follow":"follow","max-snippet":"max-snippet:-1","max-image-preview":"max-image-preview:large","max-video-preview":"max-video-preview:-1"},"canonical":"https:\/\/krabisunsetcruises.com\/fr\/declaration-de-confidentialite-au\/","og_locale":"fr_FR","og_type":"article","og_title":"Privacy Statement (AU)","og_url":"https:\/\/krabisunsetcruises.com\/fr\/declaration-de-confidentialite-au\/","og_site_name":"Krabi Sunset Cruises","article_publisher":"https:\/\/www.facebook.com\/KrabiSunsetCruises","og_image":[{"width":2000,"height":1500,"url":"https:\/\/krabisunsetcruises.com\/wp-content\/uploads\/2023\/09\/big-boat-sunset-tour-in-krabi-thailand.jpg","type":"image\/jpeg"}],"twitter_card":"summary_large_image","schema":{"@context":"https:\/\/schema.org","@graph":[{"@type":"WebPage","@id":"https:\/\/krabisunsetcruises.com\/privacy-statement-au\/","url":"https:\/\/krabisunsetcruises.com\/privacy-statement-au\/","name":"D\u00e9claration de confidentialit\u00e9 (AU) | Krabi Sunset Cruises","isPartOf":{"@id":"https:\/\/krabisunsetcruises.com\/#website"},"datePublished":"2024-09-27T19:01:13+00:00","breadcrumb":{"@id":"https:\/\/krabisunsetcruises.com\/privacy-statement-au\/#breadcrumb"},"inLanguage":"fr-FR","potentialAction":[{"@type":"ReadAction","target":["https:\/\/krabisunsetcruises.com\/privacy-statement-au\/"]}]},{"@type":"BreadcrumbList","@id":"https:\/\/krabisunsetcruises.com\/privacy-statement-au\/#breadcrumb","itemListElement":[{"@type":"ListItem","position":1,"name":"Home","item":"https:\/\/krabisunsetcruises.com\/"},{"@type":"ListItem","position":2,"name":"Privacy Statement (AU)"}]},{"@type":"WebSite","@id":"https:\/\/krabisunsetcruises.com\/#website","url":"https:\/\/krabisunsetcruises.com\/","name":"Croisi\u00e8res au coucher du soleil \u00e0 Krabi","description":"Aventures en bateau \u00e0 Krabi","publisher":{"@id":"https:\/\/krabisunsetcruises.com\/#organization"},"potentialAction":[{"@type":"SearchAction","target":{"@type":"EntryPoint","urlTemplate":"https:\/\/krabisunsetcruises.com\/?s={search_term_string}"},"query-input":{"@type":"PropertyValueSpecification","valueRequired":true,"valueName":"search_term_string"}}],"inLanguage":"fr-FR"},{"@type":"Organization","@id":"https:\/\/krabisunsetcruises.com\/#organization","name":"Croisi\u00e8res au coucher du soleil \u00e0 Krabi","url":"https:\/\/krabisunsetcruises.com\/","logo":{"@type":"ImageObject","inLanguage":"fr-FR","@id":"https:\/\/krabisunsetcruises.com\/#\/schema\/logo\/image\/","url":"https:\/\/krabisunsetcruises.com\/wp-content\/uploads\/2022\/03\/KSC_Logo_Blk.png","contentUrl":"https:\/\/krabisunsetcruises.com\/wp-content\/uploads\/2022\/03\/KSC_Logo_Blk.png","width":1079,"height":1080,"caption":"Krabi Sunset Cruises"},"image":{"@id":"https:\/\/krabisunsetcruises.com\/#\/schema\/logo\/image\/"},"sameAs":["https:\/\/www.facebook.com\/KrabiSunsetCruises","https:\/\/www.instagram.com\/krabisunsetcruises\/"]}]}},"_links":{"self":[{"href":"https:\/\/krabisunsetcruises.com\/fr\/wp-json\/wp\/v2\/pages\/19798","targetHints":{"allow":["GET"]}}],"collection":[{"href":"https:\/\/krabisunsetcruises.com\/fr\/wp-json\/wp\/v2\/pages"}],"about":[{"href":"https:\/\/krabisunsetcruises.com\/fr\/wp-json\/wp\/v2\/types\/page"}],"author":[{"embeddable":true,"href":"https:\/\/krabisunsetcruises.com\/fr\/wp-json\/wp\/v2\/users\/49"}],"replies":[{"embeddable":true,"href":"https:\/\/krabisunsetcruises.com\/fr\/wp-json\/wp\/v2\/comments?post=19798"}],"version-history":[{"count":0,"href":"https:\/\/krabisunsetcruises.com\/fr\/wp-json\/wp\/v2\/pages\/19798\/revisions"}],"wp:attachment":[{"href":"https:\/\/krabisunsetcruises.com\/fr\/wp-json\/wp\/v2\/media?parent=19798"}],"curies":[{"name":"wp","href":"https:\/\/api.w.org\/{rel}","templated":true}]}}