{"id":4786,"date":"2022-05-27T16:37:19","date_gmt":"2022-05-27T16:37:19","guid":{"rendered":"https:\/\/krabisunsetcruises.com\/?page_id=4786"},"modified":"2024-05-31T15:21:13","modified_gmt":"2024-05-31T15:21:13","slug":"politique-de-confidentialite","status":"publish","type":"page","link":"https:\/\/krabisunsetcruises.com\/fr\/privacy-policy\/","title":{"rendered":"Politique de confidentialit\u00e9"},"content":{"rendered":"<h2 class=\"wp-block-heading\">Nous nous soucions de votre vie priv\u00e9e<\/h2>\n\n\n\n<p><strong>Quelles sont les informations que nous recueillons ?<\/strong><br>Nous recueillons des informations aupr\u00e8s de vous lorsque vous vous inscrivez sur notre site, passez une commande, vous abonnez \u00e0 notre bulletin d'information, r\u00e9pondez \u00e0 une enqu\u00eate ou remplissez un formulaire.<br>Lors d'une commande ou d'un enregistrement sur notre site, selon le cas, il peut vous \u00eatre demand\u00e9 de saisir votre nom, votre adresse \u00e9lectronique, votre adresse postale, votre num\u00e9ro de t\u00e9l\u00e9phone et\/ou les informations relatives \u00e0 votre carte de cr\u00e9dit. Vous pouvez toutefois visiter notre site de mani\u00e8re anonyme.<\/p>\n\n\n\n<p><strong>\u00c0 quelles fins utilisons-nous vos informations ?<\/strong><br>Les informations que nous recueillons aupr\u00e8s de vous peuvent \u00eatre utilis\u00e9es de l'une des mani\u00e8res suivantes :<\/p>\n\n\n\n<ul class=\"wp-block-list\"><li>Pour personnaliser votre exp\u00e9rience<br>Vos informations nous aident \u00e0 mieux r\u00e9pondre \u00e0 vos besoins individuels.<\/li><li>Am\u00e9liorer notre site web<br>Nous nous effor\u00e7ons en permanence d'am\u00e9liorer les offres de notre site web en fonction des informations et du retour d'information que nous recevons de votre part<\/li><li>Am\u00e9liorer le service \u00e0 la client\u00e8le<br>Vos informations nous aident \u00e0 r\u00e9pondre plus efficacement \u00e0 vos demandes de service \u00e0 la client\u00e8le et \u00e0 vos besoins d'assistance.<\/li><li>Traiter les transactions<\/li><li>pour g\u00e9rer un concours, une promotion, une enqu\u00eate ou une autre fonction du site<\/li><li>Envoyer des courriels p\u00e9riodiques<br>L'adresse \u00e9lectronique que vous fournissez pour le traitement de votre commande peut \u00eatre utilis\u00e9e pour vous envoyer des informations et des mises \u00e0 jour concernant votre commande, en plus de recevoir occasionnellement des nouvelles de l'entreprise, des mises \u00e0 jour, des informations sur des produits ou des services connexes, etc.<\/li><\/ul>\n\n\n\n<p><strong>Remarque :<\/strong>&nbsp;Si, \u00e0 tout moment, vous souhaitez vous d\u00e9sinscrire pour ne plus recevoir de courriers \u00e9lectroniques, nous incluons des instructions d\u00e9taill\u00e9es de d\u00e9sinscription au bas de chaque courrier \u00e9lectronique.<\/p>\n\n\n\n<p><strong>Comment prot\u00e9geons-nous vos informations ?<\/strong><br>Nous mettons en \u0153uvre une s\u00e9rie de mesures de s\u00e9curit\u00e9 pour pr\u00e9server la s\u00e9curit\u00e9 de vos informations personnelles lorsque vous passez une commande ou que vous acc\u00e9dez \u00e0 vos informations personnelles.<\/p>\n\n\n\n<p>Nous proposons l'utilisation d'un serveur s\u00e9curis\u00e9. Toutes les informations sensibles\/de cr\u00e9dit fournies sont transmises via la technologie Secure Socket Layer (SSL), puis crypt\u00e9es dans la base de donn\u00e9es de nos fournisseurs de passerelles de paiement, et ne sont accessibles que par les personnes autoris\u00e9es disposant de droits d'acc\u00e8s sp\u00e9ciaux \u00e0 ces syst\u00e8mes, et qui sont tenues de garder les informations confidentielles.<br>Apr\u00e8s une transaction, vos informations priv\u00e9es (cartes de cr\u00e9dit, num\u00e9ros de s\u00e9curit\u00e9 sociale, donn\u00e9es financi\u00e8res, etc.) ne seront pas conserv\u00e9es pendant plus de 60 jours.<\/p>\n\n\n\n<p><strong>Utilisons-nous des cookies ?<\/strong><br>Oui (Les cookies sont de petits fichiers qu'un site ou son fournisseur de services transf\u00e8re sur le disque dur de votre ordinateur par l'interm\u00e9diaire de votre navigateur Web (si vous l'autorisez), ce qui permet aux syst\u00e8mes des sites ou des fournisseurs de services de reconna\u00eetre votre navigateur et de capturer et de m\u00e9moriser certaines informations.<\/p>\n\n\n\n<p>Nous utilisons des cookies pour nous aider \u00e0 m\u00e9moriser et \u00e0 traiter les articles de votre panier d'achat, \u00e0 comprendre et \u00e0 enregistrer vos pr\u00e9f\u00e9rences pour vos prochaines visites, \u00e0 suivre les publicit\u00e9s et \u00e0 compiler des donn\u00e9es globales sur le trafic et l'interaction avec le site afin de pouvoir offrir de meilleures exp\u00e9riences et de meilleurs outils \u00e0 l'avenir. Nous pouvons faire appel \u00e0 des prestataires de services tiers pour nous aider \u00e0 mieux comprendre les visiteurs de notre site. Ces prestataires de services ne sont pas autoris\u00e9s \u00e0 utiliser les informations collect\u00e9es en notre nom, sauf pour nous aider \u00e0 mener et \u00e0 am\u00e9liorer nos activit\u00e9s.<br>Si vous pr\u00e9f\u00e9rez, vous pouvez choisir que votre ordinateur vous avertisse chaque fois qu'un cookie est envoy\u00e9, ou vous pouvez choisir de d\u00e9sactiver tous les cookies via les param\u00e8tres de votre navigateur. Comme pour la plupart des sites web, si vous d\u00e9sactivez les cookies, certains de nos services risquent de ne pas fonctionner correctement. Toutefois, vous pouvez toujours passer des commandes par t\u00e9l\u00e9phone ou en contactant le service client\u00e8le.<\/p>\n\n\n\n<p><strong>Divulguons-nous des informations \u00e0 des tiers ?<\/strong><br>Nous ne vendons pas, n'\u00e9changeons pas et ne transf\u00e9rons pas de quelque mani\u00e8re que ce soit \u00e0 des tiers vos informations personnelles identifiables. Cela n'inclut pas les tiers de confiance qui nous aident \u00e0 exploiter notre site web, \u00e0 mener nos activit\u00e9s ou \u00e0 vous fournir des services, pour autant que ces parties acceptent de garder ces informations confidentielles. Nous pouvons \u00e9galement divulguer vos informations lorsque nous estimons qu'il est appropri\u00e9 de le faire pour respecter la loi, appliquer les politiques de notre site ou prot\u00e9ger nos droits, notre propri\u00e9t\u00e9 ou notre s\u00e9curit\u00e9, ainsi que ceux d'autres personnes. Toutefois, des informations non personnellement identifiables sur les visiteurs peuvent \u00eatre fournies \u00e0 d'autres parties \u00e0 des fins de marketing, de publicit\u00e9 ou autres.<\/p>\n\n\n\n<p><strong>Tiers<\/strong> liens<br>Occasionnellement, \u00e0 notre discr\u00e9tion, nous pouvons inclure ou offrir des produits ou services de tiers sur notre site web. Ces sites tiers ont des politiques de confidentialit\u00e9 distinctes et ind\u00e9pendantes. Nous ne sommes donc pas responsables du contenu et des activit\u00e9s de ces sites. N\u00e9anmoins, nous cherchons \u00e0 prot\u00e9ger l'int\u00e9grit\u00e9 de notre site et nous accueillons volontiers tout retour d'information concernant ces sites.<\/p>\n\n\n\n<p><strong>Conformit\u00e9 \u00e0 la loi sur la protection de la vie priv\u00e9e en ligne<\/strong><br>Parce que nous attachons de l'importance \u00e0 votre vie priv\u00e9e, nous avons pris les pr\u00e9cautions n\u00e9cessaires pour nous conformer \u00e0 la loi californienne sur la protection de la vie priv\u00e9e en ligne (California Online Privacy Protection Act) et \u00e0 la loi canadienne sur la protection des renseignements personnels et les documents \u00e9lectroniques (Personal Information Protection and Electronic Documents Act - PIPEDA). Par cons\u00e9quent, nous ne distribuerons pas vos informations personnelles \u00e0 des tiers sans votre consentement.<\/p>\n\n\n\n<p><strong>Votre consentement<\/strong><br>En utilisant notre site, vous acceptez la politique de confidentialit\u00e9 de notre site web et de nos sous-domaines.<\/p>\n\n\n\n<p><strong>Modifications de notre politique de confidentialit\u00e9<\/strong><br>Si nous d\u00e9cidons de modifier notre politique de confidentialit\u00e9, nous publierons ces modifications sur cette page.<\/p>\n\n\n\n<hr class=\"wp-block-separator has-alpha-channel-opacity\" \/>\n\n\n\n<p>Derni\u00e8re mise \u00e0 jour le 10 mai 2022<\/p>","protected":false},"excerpt":{"rendered":"<p>We Care About Your Privacy What information do we collect?We collect information from you when you register on our site, place an order, subscribe to our newsletter, respond to a survey or fill out a form.When ordering or registering on our site, as appropriate, you may be asked to enter your: name, e-mail address, mailing [&hellip;]<\/p>\n","protected":false},"author":49,"featured_media":0,"parent":0,"menu_order":0,"comment_status":"closed","ping_status":"closed","template":"","meta":{"footnotes":""},"class_list":["post-4786","page","type-page","status-publish","hentry"],"yoast_head":"<!-- This site is optimized with the Yoast SEO Premium plugin v27.2 (Yoast SEO v27.2) - https:\/\/yoast.com\/product\/yoast-seo-premium-wordpress\/ -->\n<title>Privacy Policy | Krabi Sunset Cruises<\/title>\n<meta name=\"description\" content=\"We care about your privacy. Read our policy, and find out how we collect your information and what we do to protect it.\" \/>\n<meta name=\"robots\" content=\"index, follow, max-snippet:-1, max-image-preview:large, max-video-preview:-1\" \/>\n<link rel=\"canonical\" href=\"https:\/\/krabisunsetcruises.com\/fr\/politique-de-confidentialite\/\" \/>\n<meta property=\"og:locale\" content=\"fr_FR\" \/>\n<meta property=\"og:type\" content=\"article\" \/>\n<meta property=\"og:title\" content=\"Privacy Policy\" \/>\n<meta property=\"og:description\" content=\"We care about your privacy. Read our policy, and find out how we collect your information and what we do to protect it.\" \/>\n<meta property=\"og:url\" content=\"https:\/\/krabisunsetcruises.com\/fr\/politique-de-confidentialite\/\" \/>\n<meta property=\"og:site_name\" content=\"Krabi Sunset Cruises\" \/>\n<meta property=\"article:publisher\" content=\"https:\/\/www.facebook.com\/KrabiSunsetCruises\" \/>\n<meta property=\"article:modified_time\" content=\"2024-05-31T15:21:13+00:00\" \/>\n<meta property=\"og:image\" content=\"https:\/\/krabisunsetcruises.com\/wp-content\/uploads\/2023\/09\/big-boat-sunset-tour-in-krabi-thailand.jpg\" \/>\n\t<meta property=\"og:image:width\" content=\"2000\" \/>\n\t<meta property=\"og:image:height\" content=\"1500\" \/>\n\t<meta property=\"og:image:type\" content=\"image\/jpeg\" \/>\n<meta name=\"twitter:card\" content=\"summary_large_image\" \/>\n<meta name=\"twitter:label1\" content=\"Dur\u00e9e de lecture estim\u00e9e\" \/>\n\t<meta name=\"twitter:data1\" content=\"4 minutes\" \/>\n<script type=\"application\/ld+json\" class=\"yoast-schema-graph\">{\"@context\":\"https:\/\/schema.org\",\"@graph\":[{\"@type\":\"WebPage\",\"@id\":\"https:\/\/krabisunsetcruises.com\/privacy-policy\/\",\"url\":\"https:\/\/krabisunsetcruises.com\/privacy-policy\/\",\"name\":\"Privacy Policy | Krabi Sunset Cruises\",\"isPartOf\":{\"@id\":\"https:\/\/krabisunsetcruises.com\/#website\"},\"datePublished\":\"2022-05-27T16:37:19+00:00\",\"dateModified\":\"2024-05-31T15:21:13+00:00\",\"description\":\"We care about your privacy. Read our policy, and find out how we collect your information and what we do to protect it.\",\"breadcrumb\":{\"@id\":\"https:\/\/krabisunsetcruises.com\/privacy-policy\/#breadcrumb\"},\"inLanguage\":\"fr-FR\",\"potentialAction\":[{\"@type\":\"ReadAction\",\"target\":[\"https:\/\/krabisunsetcruises.com\/privacy-policy\/\"]}]},{\"@type\":\"BreadcrumbList\",\"@id\":\"https:\/\/krabisunsetcruises.com\/privacy-policy\/#breadcrumb\",\"itemListElement\":[{\"@type\":\"ListItem\",\"position\":1,\"name\":\"Home\",\"item\":\"https:\/\/krabisunsetcruises.com\/\"},{\"@type\":\"ListItem\",\"position\":2,\"name\":\"Privacy Policy\"}]},{\"@type\":\"WebSite\",\"@id\":\"https:\/\/krabisunsetcruises.com\/#website\",\"url\":\"https:\/\/krabisunsetcruises.com\/\",\"name\":\"Krabi Sunset Cruises\",\"description\":\"Boat Tour Adventures in Krabi\",\"publisher\":{\"@id\":\"https:\/\/krabisunsetcruises.com\/#organization\"},\"potentialAction\":[{\"@type\":\"SearchAction\",\"target\":{\"@type\":\"EntryPoint\",\"urlTemplate\":\"https:\/\/krabisunsetcruises.com\/?s={search_term_string}\"},\"query-input\":{\"@type\":\"PropertyValueSpecification\",\"valueRequired\":true,\"valueName\":\"search_term_string\"}}],\"inLanguage\":\"fr-FR\"},{\"@type\":\"Organization\",\"@id\":\"https:\/\/krabisunsetcruises.com\/#organization\",\"name\":\"Krabi Sunset Cruises\",\"url\":\"https:\/\/krabisunsetcruises.com\/\",\"logo\":{\"@type\":\"ImageObject\",\"inLanguage\":\"fr-FR\",\"@id\":\"https:\/\/krabisunsetcruises.com\/#\/schema\/logo\/image\/\",\"url\":\"https:\/\/krabisunsetcruises.com\/wp-content\/uploads\/2022\/03\/KSC_Logo_Blk.png\",\"contentUrl\":\"https:\/\/krabisunsetcruises.com\/wp-content\/uploads\/2022\/03\/KSC_Logo_Blk.png\",\"width\":1079,\"height\":1080,\"caption\":\"Krabi Sunset Cruises\"},\"image\":{\"@id\":\"https:\/\/krabisunsetcruises.com\/#\/schema\/logo\/image\/\"},\"sameAs\":[\"https:\/\/www.facebook.com\/KrabiSunsetCruises\",\"https:\/\/www.instagram.com\/krabisunsetcruises\/\"]}]}<\/script>\n<!-- \/ Yoast SEO Premium plugin. -->","yoast_head_json":{"title":"Politique de confidentialit\u00e9 - Krabi Sunset Cruises","description":"Nous nous soucions de votre vie priv\u00e9e. Lisez notre politique et d\u00e9couvrez comment nous recueillons vos informations et ce que nous faisons pour les prot\u00e9ger.","robots":{"index":"index","follow":"follow","max-snippet":"max-snippet:-1","max-image-preview":"max-image-preview:large","max-video-preview":"max-video-preview:-1"},"canonical":"https:\/\/krabisunsetcruises.com\/fr\/politique-de-confidentialite\/","og_locale":"fr_FR","og_type":"article","og_title":"Privacy Policy","og_description":"We care about your privacy. Read our policy, and find out how we collect your information and what we do to protect it.","og_url":"https:\/\/krabisunsetcruises.com\/fr\/politique-de-confidentialite\/","og_site_name":"Krabi Sunset Cruises","article_publisher":"https:\/\/www.facebook.com\/KrabiSunsetCruises","article_modified_time":"2024-05-31T15:21:13+00:00","og_image":[{"width":2000,"height":1500,"url":"https:\/\/krabisunsetcruises.com\/wp-content\/uploads\/2023\/09\/big-boat-sunset-tour-in-krabi-thailand.jpg","type":"image\/jpeg"}],"twitter_card":"summary_large_image","twitter_misc":{"Dur\u00e9e de lecture estim\u00e9e":"4 minutes"},"schema":{"@context":"https:\/\/schema.org","@graph":[{"@type":"WebPage","@id":"https:\/\/krabisunsetcruises.com\/privacy-policy\/","url":"https:\/\/krabisunsetcruises.com\/privacy-policy\/","name":"Politique de confidentialit\u00e9 - Krabi Sunset Cruises","isPartOf":{"@id":"https:\/\/krabisunsetcruises.com\/#website"},"datePublished":"2022-05-27T16:37:19+00:00","dateModified":"2024-05-31T15:21:13+00:00","description":"Nous nous soucions de votre vie priv\u00e9e. Lisez notre politique et d\u00e9couvrez comment nous recueillons vos informations et ce que nous faisons pour les prot\u00e9ger.","breadcrumb":{"@id":"https:\/\/krabisunsetcruises.com\/privacy-policy\/#breadcrumb"},"inLanguage":"fr-FR","potentialAction":[{"@type":"ReadAction","target":["https:\/\/krabisunsetcruises.com\/privacy-policy\/"]}]},{"@type":"BreadcrumbList","@id":"https:\/\/krabisunsetcruises.com\/privacy-policy\/#breadcrumb","itemListElement":[{"@type":"ListItem","position":1,"name":"Home","item":"https:\/\/krabisunsetcruises.com\/"},{"@type":"ListItem","position":2,"name":"Privacy Policy"}]},{"@type":"WebSite","@id":"https:\/\/krabisunsetcruises.com\/#website","url":"https:\/\/krabisunsetcruises.com\/","name":"Croisi\u00e8res au coucher du soleil \u00e0 Krabi","description":"Aventures en bateau \u00e0 Krabi","publisher":{"@id":"https:\/\/krabisunsetcruises.com\/#organization"},"potentialAction":[{"@type":"SearchAction","target":{"@type":"EntryPoint","urlTemplate":"https:\/\/krabisunsetcruises.com\/?s={search_term_string}"},"query-input":{"@type":"PropertyValueSpecification","valueRequired":true,"valueName":"search_term_string"}}],"inLanguage":"fr-FR"},{"@type":"Organization","@id":"https:\/\/krabisunsetcruises.com\/#organization","name":"Croisi\u00e8res au coucher du soleil \u00e0 Krabi","url":"https:\/\/krabisunsetcruises.com\/","logo":{"@type":"ImageObject","inLanguage":"fr-FR","@id":"https:\/\/krabisunsetcruises.com\/#\/schema\/logo\/image\/","url":"https:\/\/krabisunsetcruises.com\/wp-content\/uploads\/2022\/03\/KSC_Logo_Blk.png","contentUrl":"https:\/\/krabisunsetcruises.com\/wp-content\/uploads\/2022\/03\/KSC_Logo_Blk.png","width":1079,"height":1080,"caption":"Krabi Sunset Cruises"},"image":{"@id":"https:\/\/krabisunsetcruises.com\/#\/schema\/logo\/image\/"},"sameAs":["https:\/\/www.facebook.com\/KrabiSunsetCruises","https:\/\/www.instagram.com\/krabisunsetcruises\/"]}]}},"_links":{"self":[{"href":"https:\/\/krabisunsetcruises.com\/fr\/wp-json\/wp\/v2\/pages\/4786","targetHints":{"allow":["GET"]}}],"collection":[{"href":"https:\/\/krabisunsetcruises.com\/fr\/wp-json\/wp\/v2\/pages"}],"about":[{"href":"https:\/\/krabisunsetcruises.com\/fr\/wp-json\/wp\/v2\/types\/page"}],"author":[{"embeddable":true,"href":"https:\/\/krabisunsetcruises.com\/fr\/wp-json\/wp\/v2\/users\/49"}],"replies":[{"embeddable":true,"href":"https:\/\/krabisunsetcruises.com\/fr\/wp-json\/wp\/v2\/comments?post=4786"}],"version-history":[{"count":1,"href":"https:\/\/krabisunsetcruises.com\/fr\/wp-json\/wp\/v2\/pages\/4786\/revisions"}],"predecessor-version":[{"id":16186,"href":"https:\/\/krabisunsetcruises.com\/fr\/wp-json\/wp\/v2\/pages\/4786\/revisions\/16186"}],"wp:attachment":[{"href":"https:\/\/krabisunsetcruises.com\/fr\/wp-json\/wp\/v2\/media?parent=4786"}],"curies":[{"name":"wp","href":"https:\/\/api.w.org\/{rel}","templated":true}]}}